{"id":699,"date":"2026-04-10T09:30:14","date_gmt":"2026-04-10T07:30:14","guid":{"rendered":"https:\/\/www.lamaisonduchanet.ch\/?page_id=699"},"modified":"2026-04-10T10:13:44","modified_gmt":"2026-04-10T08:13:44","slug":"portee-f","status":"publish","type":"page","link":"https:\/\/www.lamaisonduchanet.ch\/?page_id=699","title":{"rendered":"Port\u00e9e \u00ab\u00a0F\u00a0\u00bb  Wurf"},"content":{"rendered":"\n<figure class=\"wp-block-image size-large\"><img loading=\"lazy\" decoding=\"async\" width=\"1024\" height=\"788\" src=\"http:\/\/www.lamaisonduchanet.ch\/wp-content\/uploads\/2026\/04\/Roy-x-Belleamie-mating-1024x788.png\" alt=\"\" class=\"wp-image-702\" srcset=\"https:\/\/www.lamaisonduchanet.ch\/wp-content\/uploads\/2026\/04\/Roy-x-Belleamie-mating-1024x788.png 1024w, https:\/\/www.lamaisonduchanet.ch\/wp-content\/uploads\/2026\/04\/Roy-x-Belleamie-mating-300x231.png 300w, https:\/\/www.lamaisonduchanet.ch\/wp-content\/uploads\/2026\/04\/Roy-x-Belleamie-mating-768x591.png 768w, https:\/\/www.lamaisonduchanet.ch\/wp-content\/uploads\/2026\/04\/Roy-x-Belleamie-mating.png 1300w\" sizes=\"auto, (max-width: 1024px) 100vw, 1024px\" \/><\/figure>\n\n\n\n<p>\u00ab D\u00e9but mai, nous nous r\u00e9jouissons d\u00e9j\u00e0 de rencontrer les adorables petits museaux des chiots de ces deux magnifiques Barbets. \u00bb<\/p>\n\n\n\n<p><\/p>\n\n\n\n<p><em>\u201eAnfang Mai freuen wir uns schon darauf, die entz\u00fcckenden kleinen Schnauzen der Welpen dieser beiden wundersch\u00f6nen Barbets kennenzulernen.\u201c<\/em><\/p>\n","protected":false},"excerpt":{"rendered":"<p>\u00ab D\u00e9but mai, nous nous r\u00e9jouissons d\u00e9j\u00e0 de rencontrer les adorables petits museaux des chiots de ces deux magnifiques Barbets. \u00bb \u201eAnfang Mai freuen wir uns schon darauf, die entz\u00fcckenden kleinen Schnauzen der Welpen dieser beiden wundersch\u00f6nen Barbets kennenzulernen.\u201c<\/p>\n","protected":false},"author":1,"featured_media":0,"parent":0,"menu_order":3,"comment_status":"closed","ping_status":"closed","template":"","meta":{"footnotes":""},"class_list":["post-699","page","type-page","status-publish","hentry"],"_links":{"self":[{"href":"https:\/\/www.lamaisonduchanet.ch\/index.php?rest_route=\/wp\/v2\/pages\/699","targetHints":{"allow":["GET"]}}],"collection":[{"href":"https:\/\/www.lamaisonduchanet.ch\/index.php?rest_route=\/wp\/v2\/pages"}],"about":[{"href":"https:\/\/www.lamaisonduchanet.ch\/index.php?rest_route=\/wp\/v2\/types\/page"}],"author":[{"embeddable":true,"href":"https:\/\/www.lamaisonduchanet.ch\/index.php?rest_route=\/wp\/v2\/users\/1"}],"replies":[{"embeddable":true,"href":"https:\/\/www.lamaisonduchanet.ch\/index.php?rest_route=%2Fwp%2Fv2%2Fcomments&post=699"}],"version-history":[{"count":4,"href":"https:\/\/www.lamaisonduchanet.ch\/index.php?rest_route=\/wp\/v2\/pages\/699\/revisions"}],"predecessor-version":[{"id":708,"href":"https:\/\/www.lamaisonduchanet.ch\/index.php?rest_route=\/wp\/v2\/pages\/699\/revisions\/708"}],"wp:attachment":[{"href":"https:\/\/www.lamaisonduchanet.ch\/index.php?rest_route=%2Fwp%2Fv2%2Fmedia&parent=699"}],"curies":[{"name":"wp","href":"https:\/\/api.w.org\/{rel}","templated":true}]}}