{"id":694,"date":"2025-11-11T21:38:58","date_gmt":"2025-11-11T20:38:58","guid":{"rendered":"https:\/\/www.lamaisonduchanet.ch\/?page_id=694"},"modified":"2026-04-10T10:05:32","modified_gmt":"2026-04-10T08:05:32","slug":"%e2%9c%a8-retrospective-2020-2025-voeux-de-fin-dannee-%e2%9c%a8","status":"publish","type":"page","link":"https:\/\/www.lamaisonduchanet.ch\/?page_id=694","title":{"rendered":"\u2728\u00a0R\u00e9trospective 2020\u20132025 &amp; v\u0153ux de fin d\u2019ann\u00e9e\u00a0\u2728"},"content":{"rendered":"\n<p><\/p>\n\n\n\n<p>En repensant \u00e0 ces ann\u00e9es depuis 2020, je revois tant de petits museaux de Barbet, de regards curieux et de moments inoubliables. Chaque port\u00e9e a \u00e9crit sa propre histoire et a laiss\u00e9 une trace unique dans mon c\u0153ur.<\/p>\n\n\n\n<p>L\u2019\u00e9levage de ces chiens si particuliers est pour moi bien plus qu\u2019un travail \u2014 c\u2019est une passion, faite de joie, de patience, parfois d\u2019inqui\u00e9tudes, mais toujours d\u2019un amour sans limite pour cette race merveilleuse et pleine de douceur.&nbsp;\ud83d\udc95<\/p>\n\n\n\n<p>Je remercie de tout c\u0153ur toutes les familles qui ont offert un foyer \u00e0 l\u2019un de mes petits Barbets. Gr\u00e2ce \u00e0 vos photos, vos nouvelles et vos histoires, chaque aventure continue ailleurs, port\u00e9e par la tendresse et la confiance.<\/p>\n\n\n\n<p>Je vous souhaite pour 2026 une ann\u00e9e pleine de sant\u00e9, de bonheur et de beaux moments partag\u00e9s avec vos fid\u00e8les compagnons.\u00a0Merci de faire partie de cette belle aventure Barbet.\u00a0\ud83d\udc3e\ud83d\udcab<\/p>\n\n\n\n<p><\/p>\n\n\n\n<h2 class=\"wp-block-heading\">\u2728\u00a0 R\u00fcckblick 2020\u20132025 &amp; Neujahrsgr\u00fc\u00dfe \u00a0\u2728<\/h2>\n\n\n\n<p>Wenn ich auf die letzten Jahre seit 2020 zur\u00fcckblicke, sehe ich so viele kleine Barbet-Schnauzen, neugierige Blicke und unvergessliche Momente.&nbsp;Jeder Wurf hat seine ganz eigene Geschichte geschrieben und einen bleibenden Platz in meinem Herzen gefunden.<\/p>\n\n\n\n<p>Die Aufzucht dieser besonderen Hunde ist f\u00fcr mich weit mehr als nur eine Aufgabe \u2013 sie ist eine Leidenschaft, begleitet von Freude, Geduld, manchmal auch Sorgen, aber immer von grenzenloser Liebe zu dieser wundervollen, sanften Rasse.&nbsp;\ud83d\udc95<\/p>\n\n\n\n<p>Mein herzlicher Dank gilt allen Familien, die einem meiner kleinen Barbets ein liebevolles Zuhause geschenkt haben. Durch eure Fotos, Nachrichten und Geschichten lebt jedes Abenteuer weiter \u2013 getragen von Zuneigung und Vertrauen.<\/p>\n\n\n\n<p>Ich w\u00fcnsche euch f\u00fcr das Jahr 2026 viel Gesundheit, Gl\u00fcck und viele sch\u00f6ne gemeinsame Augenblicke mit euren treuen Gef\u00e4hrten. Danke, dass ihr Teil dieser wunderbaren Barbet-Geschichte seid.&nbsp;\ud83d\udc3e\ud83d\udcab<\/p>\n","protected":false},"excerpt":{"rendered":"<p>En repensant \u00e0 ces ann\u00e9es depuis 2020, je revois tant de petits museaux de Barbet, de regards curieux et de moments inoubliables. Chaque port\u00e9e a \u00e9crit sa propre histoire et a laiss\u00e9 une trace unique dans mon c\u0153ur. L\u2019\u00e9levage de ces chiens si particuliers est pour moi bien plus qu\u2019un travail \u2014 c\u2019est une passion, [&hellip;]<\/p>\n","protected":false},"author":1,"featured_media":0,"parent":0,"menu_order":6,"comment_status":"closed","ping_status":"closed","template":"","meta":{"footnotes":""},"class_list":["post-694","page","type-page","status-publish","hentry"],"_links":{"self":[{"href":"https:\/\/www.lamaisonduchanet.ch\/index.php?rest_route=\/wp\/v2\/pages\/694","targetHints":{"allow":["GET"]}}],"collection":[{"href":"https:\/\/www.lamaisonduchanet.ch\/index.php?rest_route=\/wp\/v2\/pages"}],"about":[{"href":"https:\/\/www.lamaisonduchanet.ch\/index.php?rest_route=\/wp\/v2\/types\/page"}],"author":[{"embeddable":true,"href":"https:\/\/www.lamaisonduchanet.ch\/index.php?rest_route=\/wp\/v2\/users\/1"}],"replies":[{"embeddable":true,"href":"https:\/\/www.lamaisonduchanet.ch\/index.php?rest_route=%2Fwp%2Fv2%2Fcomments&post=694"}],"version-history":[{"count":2,"href":"https:\/\/www.lamaisonduchanet.ch\/index.php?rest_route=\/wp\/v2\/pages\/694\/revisions"}],"predecessor-version":[{"id":697,"href":"https:\/\/www.lamaisonduchanet.ch\/index.php?rest_route=\/wp\/v2\/pages\/694\/revisions\/697"}],"wp:attachment":[{"href":"https:\/\/www.lamaisonduchanet.ch\/index.php?rest_route=%2Fwp%2Fv2%2Fmedia&parent=694"}],"curies":[{"name":"wp","href":"https:\/\/api.w.org\/{rel}","templated":true}]}}