{"id":6,"date":"2023-08-06T15:45:42","date_gmt":"2023-08-06T13:45:42","guid":{"rendered":"http:\/\/lamaisb.cluster028.hosting.ovh.net\/?page_id=2"},"modified":"2025-05-05T16:57:31","modified_gmt":"2025-05-05T14:57:31","slug":"page-d-exemple-2","status":"publish","type":"page","link":"https:\/\/www.lamaisonduchanet.ch\/?page_id=6","title":{"rendered":"Accueil et Pr\u00e9sentation  \/  Begr\u00fcssung und Vorstellung"},"content":{"rendered":"\n<p><\/p>\n\n\n\n<figure class=\"wp-block-gallery has-nested-images columns-default is-cropped wp-block-gallery-1 is-layout-flex wp-block-gallery-is-layout-flex\">\n<figure class=\"wp-block-image alignleft size-full\"><img loading=\"lazy\" decoding=\"async\" width=\"480\" height=\"640\" data-id=\"160\" src=\"http:\/\/www.lamaisonduchanet.ch\/wp-content\/uploads\/2023\/09\/photo-couverture.jpg\" alt=\"\" class=\"wp-image-160\" srcset=\"https:\/\/www.lamaisonduchanet.ch\/wp-content\/uploads\/2023\/09\/photo-couverture.jpg 480w, https:\/\/www.lamaisonduchanet.ch\/wp-content\/uploads\/2023\/09\/photo-couverture-225x300.jpg 225w\" sizes=\"auto, (max-width: 480px) 100vw, 480px\" \/><\/figure>\n<\/figure>\n\n\n\n<p class=\"has-text-align-left\">Le Barbet appartient \u00e0 une race tr\u00e8s ancienne. Les cynologues lui attribuent les origines les plus diverses.<br><br>A l&rsquo;\u00e9poque m\u00e9rovingienne, la Gaule est recouverte d&rsquo;immenses for\u00eats, l&rsquo;agriculture est peu d\u00e9velopp\u00e9e, et la chasse occupe une place importante dans les activit\u00e9s quotidiennes. Si bien que les races les plus r\u00e9pandues sont compos\u00e9es de chiens courants, de dogues, et peut-\u00eatre de l\u00e9vriers. En revanche, on ne trouve pas de chiens de berger, ni de chiens d&rsquo;arr\u00eat ni m\u00eame de chiens de compagnie.<br><br>Une aubaine pour le Barbet: plus facile \u00e0 nourrir que le dogue, moins turbulent que le chien courant, il pouvait \u00eatre utilis\u00e9 \u00e0 la chasse, \u00e0 la grande satisfaction des paysans qui n&rsquo;avaient pas le droit \u00e0 l&rsquo;\u00e9poque d&#8217;employer certaines races r\u00e9serv\u00e9es aux familles nobles. Ses qualit\u00e9s de retriever et de gardien des troupeaux et des demeures font de lui un chien privil\u00e9gi\u00e9 par le petit peuple.&nbsp;&nbsp;&nbsp;&nbsp;&nbsp;&nbsp;&nbsp;&nbsp;&nbsp;&nbsp;&nbsp;&nbsp;&nbsp;&nbsp;&nbsp;&nbsp;&nbsp;&nbsp;<em>Extrait de \u00ab&nbsp;Barbet.ch&nbsp;\u00bb Caract\u00e9ristique<\/em><a href=\"https:\/\/barbet.ch\/charakteristik\"> <\/a><a href=\"https:\/\/barbet.ch\/charakteristik\">https:\/\/barbet.ch\/charakteristik<\/a><\/p>\n\n\n\n<p class=\"has-text-align-left\">Notre \u00e9levage certifi\u00e9 et reconnu par le club du Barbet, est un \u00e9levage familial, situ\u00e9 dans un lieu de verdure, il est compos\u00e9 de 3 chiennes Barbet de couleurs diff\u00e9rentes et d&rsquo;une St-Bernard de 9 ans, notre Lili de Viloden.<\/p>\n\n\n\n<p class=\"has-text-align-left\">Nos chiots sont vendus avec p\u00e9digr\u00e9e de la SCS.<\/p>\n\n\n\n<p><\/p>\n\n\n\n<figure class=\"wp-block-image size-large is-resized\"><img loading=\"lazy\" decoding=\"async\" width=\"848\" height=\"1024\" src=\"https:\/\/www.lamaisonduchanet.ch\/wp-content\/uploads\/2024\/07\/vectorstock_43176399_transparent-2-848x1024.png\" alt=\"\" class=\"wp-image-512\" style=\"width:59px;height:auto\" srcset=\"https:\/\/www.lamaisonduchanet.ch\/wp-content\/uploads\/2024\/07\/vectorstock_43176399_transparent-2-848x1024.png 848w, https:\/\/www.lamaisonduchanet.ch\/wp-content\/uploads\/2024\/07\/vectorstock_43176399_transparent-2-249x300.png 249w, https:\/\/www.lamaisonduchanet.ch\/wp-content\/uploads\/2024\/07\/vectorstock_43176399_transparent-2-768x927.png 768w, https:\/\/www.lamaisonduchanet.ch\/wp-content\/uploads\/2024\/07\/vectorstock_43176399_transparent-2-1272x1536.png 1272w, https:\/\/www.lamaisonduchanet.ch\/wp-content\/uploads\/2024\/07\/vectorstock_43176399_transparent-2-1697x2048.png 1697w\" sizes=\"auto, (max-width: 848px) 100vw, 848px\" \/><\/figure>\n\n\n\n<p><\/p>\n\n\n\n<p style=\"font-style:italic;font-weight:200\">Der Barbet geh\u00f6rt zu einer sehr alten Rasse. Kynologen schreiben ihm die unterschiedlichsten Urspr\u00fcnge zu.<\/p>\n\n\n\n<p style=\"font-style:italic;font-weight:200\">In der Merowingerzeit war Gallien von riesigen W\u00e4ldern bedeckt, die Landwirtschaft war kaum entwickelt und die Jagd nahm einen wichtigen Platz im t\u00e4glichen Leben ein. Die am weitesten verbreiteten Rassen waren Laufhunde, Doggen und vielleicht auch Windhunde. Sch\u00e4ferhunde, Vorstehhunde oder gar Haushunde sind dagegen nicht zu finden.<\/p>\n\n\n\n<p style=\"font-style:italic;font-weight:200\">Der Barbet war ein Gl\u00fccksfall: Er war leichter zu f\u00fcttern als die Dogge, weniger ungest\u00fcm als der Laufhund und konnte zur Jagd eingesetzt werden, sehr zur Zufriedenheit der Bauern, die damals keine bestimmten Rassen verwenden durften, die den adligen Familien vorbehalten waren. Seine Qualit\u00e4ten als Retriever und als H\u00fcter von Herden und H\u00e4usern machten ihn zu einem bevorzugten Hund der einfachen Leute. Auszug aus \u00ab\u00a0Barbet.ch\u00a0\u00bb Merkmal https:\/\/barbet.ch\/charakteristik<\/p>\n\n\n\n<p style=\"font-style:italic;font-weight:200\">Unsere vom Barbet-Club zertifizierte und anerkannte Zucht ist eine Familienzucht, die in einer gr\u00fcnen Umgebung liegt. Sie besteht aus 3 Barbet-H\u00fcndinnen verschiedener Farben und einer 9-j\u00e4hrigen Bernhardinerin, unserer Lili de Viloden.<\/p>\n\n\n\n<p style=\"font-style:italic;font-weight:200\">Unsere Welpen werden mit Stammbaum der SKG verkauft.<\/p>\n\n\n\n<p><\/p>\n\n\n\n<figure class=\"wp-block-gallery has-nested-images columns-default is-cropped wp-block-gallery-2 is-layout-flex wp-block-gallery-is-layout-flex\">\n<figure class=\"wp-block-image size-large\"><img loading=\"lazy\" decoding=\"async\" width=\"1024\" height=\"683\" data-id=\"149\" src=\"http:\/\/www.lamaisonduchanet.ch\/wp-content\/uploads\/2023\/09\/DSC01998-1024x683.jpg\" alt=\"\" class=\"wp-image-149\" srcset=\"https:\/\/www.lamaisonduchanet.ch\/wp-content\/uploads\/2023\/09\/DSC01998-1024x683.jpg 1024w, https:\/\/www.lamaisonduchanet.ch\/wp-content\/uploads\/2023\/09\/DSC01998-300x200.jpg 300w, https:\/\/www.lamaisonduchanet.ch\/wp-content\/uploads\/2023\/09\/DSC01998-768x512.jpg 768w, https:\/\/www.lamaisonduchanet.ch\/wp-content\/uploads\/2023\/09\/DSC01998-1536x1024.jpg 1536w, https:\/\/www.lamaisonduchanet.ch\/wp-content\/uploads\/2023\/09\/DSC01998-2048x1365.jpg 2048w\" sizes=\"auto, (max-width: 1024px) 100vw, 1024px\" \/><\/figure>\n<\/figure>\n\n\n\n<p><strong>Les avantages du Barbet est qu\u2019il est dot\u00e9 de cheveux, il n\u2019est pas allerg\u00e8ne.&nbsp;<\/strong><\/p>\n\n\n\n<p><\/p>\n\n\n\n<h2 class=\"wp-block-heading has-text-align-center\">Notre logo \/ <em>unser Logo<\/em><\/h2>\n\n\n\n<figure class=\"wp-block-image aligncenter size-full is-resized\"><img loading=\"lazy\" decoding=\"async\" width=\"878\" height=\"1024\" src=\"https:\/\/www.lamaisonduchanet.ch\/wp-content\/uploads\/2025\/05\/image.png\" alt=\"\" class=\"wp-image-608\" style=\"width:208px;height:auto\" srcset=\"https:\/\/www.lamaisonduchanet.ch\/wp-content\/uploads\/2025\/05\/image.png 878w, https:\/\/www.lamaisonduchanet.ch\/wp-content\/uploads\/2025\/05\/image-257x300.png 257w, https:\/\/www.lamaisonduchanet.ch\/wp-content\/uploads\/2025\/05\/image-768x896.png 768w\" sizes=\"auto, (max-width: 878px) 100vw, 878px\" \/><\/figure>\n\n\n\n<p><\/p>\n\n\n<nav class=\"is-responsive items-justified-center wp-block-navigation is-content-justification-center is-layout-flex wp-container-core-navigation-is-layout-a89b3969 wp-block-navigation-is-layout-flex\" aria-label=\"Navigation\" \n\t\t data-wp-interactive=\"core\/navigation\" data-wp-context='{\"overlayOpenedBy\":{\"click\":false,\"hover\":false,\"focus\":false},\"type\":\"overlay\",\"roleAttribute\":\"\",\"ariaLabel\":\"Menu\"}'><button aria-haspopup=\"dialog\" aria-label=\"Ouvrir le menu\" class=\"wp-block-navigation__responsive-container-open\" \n\t\t\t\tdata-wp-on--click=\"actions.openMenuOnClick\"\n\t\t\t\tdata-wp-on--keydown=\"actions.handleMenuKeydown\"\n\t\t\t><svg width=\"24\" height=\"24\" xmlns=\"http:\/\/www.w3.org\/2000\/svg\" viewBox=\"0 0 24 24\" aria-hidden=\"true\" focusable=\"false\"><path d=\"M4 7.5h16v1.5H4z\"><\/path><path d=\"M4 15h16v1.5H4z\"><\/path><\/svg><\/button>\n\t\t\t\t<div class=\"wp-block-navigation__responsive-container\"  id=\"modal-3\" \n\t\t\t\tdata-wp-class--has-modal-open=\"state.isMenuOpen\"\n\t\t\t\tdata-wp-class--is-menu-open=\"state.isMenuOpen\"\n\t\t\t\tdata-wp-watch=\"callbacks.initMenu\"\n\t\t\t\tdata-wp-on--keydown=\"actions.handleMenuKeydown\"\n\t\t\t\tdata-wp-on--focusout=\"actions.handleMenuFocusout\"\n\t\t\t\ttabindex=\"-1\"\n\t\t\t>\n\t\t\t\t\t<div class=\"wp-block-navigation__responsive-close\" tabindex=\"-1\">\n\t\t\t\t\t\t<div class=\"wp-block-navigation__responsive-dialog\" \n\t\t\t\tdata-wp-bind--aria-modal=\"state.ariaModal\"\n\t\t\t\tdata-wp-bind--aria-label=\"state.ariaLabel\"\n\t\t\t\tdata-wp-bind--role=\"state.roleAttribute\"\n\t\t\t>\n\t\t\t\t\t\t\t<button aria-label=\"Fermer le menu\" class=\"wp-block-navigation__responsive-container-close\" \n\t\t\t\tdata-wp-on--click=\"actions.closeMenuOnClick\"\n\t\t\t><svg xmlns=\"http:\/\/www.w3.org\/2000\/svg\" viewBox=\"0 0 24 24\" width=\"24\" height=\"24\" aria-hidden=\"true\" focusable=\"false\"><path d=\"m13.06 12 6.47-6.47-1.06-1.06L12 10.94 5.53 4.47 4.47 5.53 10.94 12l-6.47 6.47 1.06 1.06L12 13.06l6.47 6.47 1.06-1.06L13.06 12Z\"><\/path><\/svg><\/button>\n\t\t\t\t\t\t\t<div class=\"wp-block-navigation__responsive-container-content\" \n\t\t\t\tdata-wp-watch=\"callbacks.focusFirstElement\"\n\t\t\t id=\"modal-3-content\">\n\t\t\t\t\t\t\t\t<ul class=\"wp-block-navigation__container is-responsive items-justified-center wp-block-navigation\"><ul class=\"wp-block-page-list\"><li class=\"wp-block-pages-list__item wp-block-navigation-item open-on-hover-click\"><a class=\"wp-block-pages-list__item__link wp-block-navigation-item__content\" href=\"https:\/\/www.lamaisonduchanet.ch\/?page_id=6\">Accueil et Pr\u00e9sentation  \/  Begr\u00fcssung und Vorstellung<\/a><\/li><li class=\"wp-block-pages-list__item wp-block-navigation-item open-on-hover-click\"><a class=\"wp-block-pages-list__item__link wp-block-navigation-item__content\" href=\"https:\/\/www.lamaisonduchanet.ch\/?page_id=140\">Nos chiennes \/                                            Unsere H\u00fcndinnen<\/a><\/li><li class=\"wp-block-pages-list__item wp-block-navigation-item open-on-hover-click\"><a class=\"wp-block-pages-list__item__link wp-block-navigation-item__content\" href=\"https:\/\/www.lamaisonduchanet.ch\/?page_id=699\">Port\u00e9e \u00ab\u00a0F\u00a0\u00bb  Wurf<\/a><\/li><li class=\"wp-block-pages-list__item wp-block-navigation-item open-on-hover-click\"><a class=\"wp-block-pages-list__item__link wp-block-navigation-item__content\" href=\"https:\/\/www.lamaisonduchanet.ch\/?page_id=553\">Portrait individuel \/ Einzelportrait<\/a><\/li><li class=\"wp-block-pages-list__item wp-block-navigation-item open-on-hover-click\"><a class=\"wp-block-pages-list__item__link wp-block-navigation-item__content\" href=\"https:\/\/www.lamaisonduchanet.ch\/?page_id=206\">Portrait individuel des disponibles<\/a><\/li><li class=\"wp-block-pages-list__item wp-block-navigation-item open-on-hover-click\"><a class=\"wp-block-pages-list__item__link wp-block-navigation-item__content\" href=\"https:\/\/www.lamaisonduchanet.ch\/?page_id=232\">Donn\u00e9es de l&rsquo;\u00e9levage et acc\u00e8s  \/                          Zucht angaben und Ankunft<\/a><\/li><li class=\"wp-block-pages-list__item wp-block-navigation-item open-on-hover-click\"><a class=\"wp-block-pages-list__item__link wp-block-navigation-item__content\" href=\"https:\/\/www.lamaisonduchanet.ch\/?page_id=694\">\u2728\u00a0R\u00e9trospective 2020\u20132025 &amp; v\u0153ux de fin d\u2019ann\u00e9e\u00a0\u2728<\/a><\/li><li class=\"wp-block-pages-list__item wp-block-navigation-item open-on-hover-click\"><a class=\"wp-block-pages-list__item__link wp-block-navigation-item__content\" href=\"https:\/\/www.lamaisonduchanet.ch\/?page_id=409\">La Sant\u00e9 \/ die Gesundheit<\/a><\/li><li class=\"wp-block-pages-list__item wp-block-navigation-item open-on-hover-click\"><a class=\"wp-block-pages-list__item__link wp-block-navigation-item__content\" href=\"https:\/\/www.lamaisonduchanet.ch\/?page_id=439\">Merci pour cette magnifique journ\u00e9e<\/a><\/li><li class=\"wp-block-pages-list__item wp-block-navigation-item open-on-hover-click\"><a class=\"wp-block-pages-list__item__link wp-block-navigation-item__content\" href=\"https:\/\/www.lamaisonduchanet.ch\/?page_id=368\">Nous sommes fi\u00e8re \/   \nwir sind stolz<\/a><\/li><li class=\"wp-block-pages-list__item wp-block-navigation-item open-on-hover-click\"><a class=\"wp-block-pages-list__item__link wp-block-navigation-item__content\" href=\"https:\/\/www.lamaisonduchanet.ch\/?page_id=600\">Port\u00e9e  \u00ab\u00a0E\u00a0\u00bb  Wurf<\/a><\/li><li class=\"wp-block-pages-list__item wp-block-navigation-item open-on-hover-click\"><a class=\"wp-block-pages-list__item__link wp-block-navigation-item__content\" href=\"https:\/\/www.lamaisonduchanet.ch\/?page_id=539\">Port\u00e9e  \u00ab\u00a0D\u00a0\u00bb  Wurf<\/a><\/li><li class=\"wp-block-pages-list__item wp-block-navigation-item open-on-hover-click\"><a class=\"wp-block-pages-list__item__link wp-block-navigation-item__content\" href=\"https:\/\/www.lamaisonduchanet.ch\/?page_id=471\">Nos port\u00e9es \/ Unsere W\u00fcrfe<\/a><\/li><li class=\"wp-block-pages-list__item wp-block-navigation-item open-on-hover-click\"><a class=\"wp-block-pages-list__item__link wp-block-navigation-item__content\" href=\"https:\/\/www.lamaisonduchanet.ch\/?page_id=318\">Commantaires<\/a><\/li><li class=\"wp-block-pages-list__item wp-block-navigation-item open-on-hover-click\"><a class=\"wp-block-pages-list__item__link wp-block-navigation-item__content\" href=\"https:\/\/www.lamaisonduchanet.ch\/?page_id=3\">Politique de confidentialit\u00e9<\/a><\/li><li class=\"wp-block-pages-list__item wp-block-navigation-item open-on-hover-click\"><a class=\"wp-block-pages-list__item__link wp-block-navigation-item__content\" href=\"https:\/\/www.lamaisonduchanet.ch\/?page_id=198\">Port\u00e9e  \u00ab\u00a0C\u00a0\u00bb  Wurf<\/a><\/li><\/ul><\/ul>\n\t\t\t\t\t\t\t<\/div>\n\t\t\t\t\t\t<\/div>\n\t\t\t\t\t<\/div>\n\t\t\t\t<\/div><\/nav>\n\n\n<p><\/p>\n\n\n\n<ul class=\"wp-block-social-links has-icon-color has-icon-background-color is-style-pill-shape is-layout-flex wp-container-core-social-links-is-layout-ceea3f9f wp-block-social-links-is-layout-flex\" style=\"margin-top:var(--wp--preset--spacing--50);margin-right:var(--wp--preset--spacing--40);margin-bottom:var(--wp--preset--spacing--50);margin-left:var(--wp--preset--spacing--40)\"><li style=\"color:#ffffff;background-color:#3962e3;\" class=\"wp-social-link wp-social-link-wordpress  wp-block-social-link\"><a href=\"https:\/\/wordpress.org\" class=\"wp-block-social-link-anchor\"><svg width=\"24\" height=\"24\" viewBox=\"0 0 24 24\" version=\"1.1\" xmlns=\"http:\/\/www.w3.org\/2000\/svg\" aria-hidden=\"true\" focusable=\"false\"><path d=\"M12.158,12.786L9.46,20.625c0.806,0.237,1.657,0.366,2.54,0.366c1.047,0,2.051-0.181,2.986-0.51 c-0.024-0.038-0.046-0.079-0.065-0.124L12.158,12.786z M3.009,12c0,3.559,2.068,6.634,5.067,8.092L3.788,8.341 C3.289,9.459,3.009,10.696,3.009,12z M18.069,11.546c0-1.112-0.399-1.881-0.741-2.48c-0.456-0.741-0.883-1.368-0.883-2.109 c0-0.826,0.627-1.596,1.51-1.596c0.04,0,0.078,0.005,0.116,0.007C16.472,3.904,14.34,3.009,12,3.009 c-3.141,0-5.904,1.612-7.512,4.052c0.211,0.007,0.41,0.011,0.579,0.011c0.94,0,2.396-0.114,2.396-0.114 C7.947,6.93,8.004,7.642,7.52,7.699c0,0-0.487,0.057-1.029,0.085l3.274,9.739l1.968-5.901l-1.401-3.838 C9.848,7.756,9.389,7.699,9.389,7.699C8.904,7.67,8.961,6.93,9.446,6.958c0,0,1.484,0.114,2.368,0.114 c0.94,0,2.397-0.114,2.397-0.114c0.485-0.028,0.542,0.684,0.057,0.741c0,0-0.488,0.057-1.029,0.085l3.249,9.665l0.897-2.996 C17.841,13.284,18.069,12.316,18.069,11.546z M19.889,7.686c0.039,0.286,0.06,0.593,0.06,0.924c0,0.912-0.171,1.938-0.684,3.22 l-2.746,7.94c2.673-1.558,4.47-4.454,4.47-7.771C20.991,10.436,20.591,8.967,19.889,7.686z M12,22C6.486,22,2,17.514,2,12 C2,6.486,6.486,2,12,2c5.514,0,10,4.486,10,10C22,17.514,17.514,22,12,22z\"><\/path><\/svg><span class=\"wp-block-social-link-label screen-reader-text\">WordPress<\/span><\/a><\/li>\n\n<li style=\"color:#ffffff;background-color:#3962e3;\" class=\"wp-social-link wp-social-link-chain  wp-block-social-link\"><a href=\"https:\/\/barbet.ch\" class=\"wp-block-social-link-anchor\"><svg width=\"24\" height=\"24\" viewBox=\"0 0 24 24\" version=\"1.1\" xmlns=\"http:\/\/www.w3.org\/2000\/svg\" aria-hidden=\"true\" focusable=\"false\"><path d=\"M15.6,7.2H14v1.5h1.6c2,0,3.7,1.7,3.7,3.7s-1.7,3.7-3.7,3.7H14v1.5h1.6c2.8,0,5.2-2.3,5.2-5.2,0-2.9-2.3-5.2-5.2-5.2zM4.7,12.4c0-2,1.7-3.7,3.7-3.7H10V7.2H8.4c-2.9,0-5.2,2.3-5.2,5.2,0,2.9,2.3,5.2,5.2,5.2H10v-1.5H8.4c-2,0-3.7-1.7-3.7-3.7zm4.6.9h5.3v-1.5H9.3v1.5z\"><\/path><\/svg><span class=\"wp-block-social-link-label screen-reader-text\">Lien<\/span><\/a><\/li>\n\n<li style=\"color:#ffffff;background-color:#3962e3;\" class=\"wp-social-link wp-social-link-mail  wp-block-social-link\"><a href=\"mailto:u&#114;&#115;&#117;&#108;a&#046;&#109;&#097;&#114;c&#104;&#097;n&#100;&#064;me&#046;c&#111;m\" class=\"wp-block-social-link-anchor\"><svg width=\"24\" height=\"24\" viewBox=\"0 0 24 24\" version=\"1.1\" xmlns=\"http:\/\/www.w3.org\/2000\/svg\" aria-hidden=\"true\" focusable=\"false\"><path d=\"M19,5H5c-1.1,0-2,.9-2,2v10c0,1.1.9,2,2,2h14c1.1,0,2-.9,2-2V7c0-1.1-.9-2-2-2zm.5,12c0,.3-.2.5-.5.5H5c-.3,0-.5-.2-.5-.5V9.8l7.5,5.6,7.5-5.6V17zm0-9.1L12,13.6,4.5,7.9V7c0-.3.2-.5.5-.5h14c.3,0,.5.2.5.5v.9z\"><\/path><\/svg><span class=\"wp-block-social-link-label screen-reader-text\">E-mail<\/span><\/a><\/li><\/ul>\n","protected":false},"excerpt":{"rendered":"<p>Le Barbet appartient \u00e0 une race tr\u00e8s ancienne. Les cynologues lui attribuent les origines les plus diverses. A l&rsquo;\u00e9poque m\u00e9rovingienne, la Gaule est recouverte d&rsquo;immenses for\u00eats, l&rsquo;agriculture est peu d\u00e9velopp\u00e9e, et la chasse occupe une place importante dans les activit\u00e9s quotidiennes. Si bien que les races les plus r\u00e9pandues sont compos\u00e9es de chiens courants, de [&hellip;]<\/p>\n","protected":false},"author":2,"featured_media":0,"parent":0,"menu_order":0,"comment_status":"closed","ping_status":"open","template":"","meta":{"footnotes":""},"class_list":["post-6","page","type-page","status-publish","hentry"],"_links":{"self":[{"href":"https:\/\/www.lamaisonduchanet.ch\/index.php?rest_route=\/wp\/v2\/pages\/6","targetHints":{"allow":["GET"]}}],"collection":[{"href":"https:\/\/www.lamaisonduchanet.ch\/index.php?rest_route=\/wp\/v2\/pages"}],"about":[{"href":"https:\/\/www.lamaisonduchanet.ch\/index.php?rest_route=\/wp\/v2\/types\/page"}],"author":[{"embeddable":true,"href":"https:\/\/www.lamaisonduchanet.ch\/index.php?rest_route=\/wp\/v2\/users\/2"}],"replies":[{"embeddable":true,"href":"https:\/\/www.lamaisonduchanet.ch\/index.php?rest_route=%2Fwp%2Fv2%2Fcomments&post=6"}],"version-history":[{"count":18,"href":"https:\/\/www.lamaisonduchanet.ch\/index.php?rest_route=\/wp\/v2\/pages\/6\/revisions"}],"predecessor-version":[{"id":629,"href":"https:\/\/www.lamaisonduchanet.ch\/index.php?rest_route=\/wp\/v2\/pages\/6\/revisions\/629"}],"wp:attachment":[{"href":"https:\/\/www.lamaisonduchanet.ch\/index.php?rest_route=%2Fwp%2Fv2%2Fmedia&parent=6"}],"curies":[{"name":"wp","href":"https:\/\/api.w.org\/{rel}","templated":true}]}}