{"id":539,"date":"2024-08-06T16:35:00","date_gmt":"2024-08-06T14:35:00","guid":{"rendered":"https:\/\/www.lamaisonduchanet.ch\/?page_id=539"},"modified":"2026-04-10T10:35:27","modified_gmt":"2026-04-10T08:35:27","slug":"portee-d-d-wurf","status":"publish","type":"page","link":"https:\/\/www.lamaisonduchanet.ch\/?page_id=539","title":{"rendered":"Port\u00e9e  \u00ab\u00a0D\u00a0\u00bb  Wurf"},"content":{"rendered":"\n<div class=\"wp-block-columns is-layout-flex wp-container-core-columns-is-layout-28f84493 wp-block-columns-is-layout-flex\">\n<div class=\"wp-block-column is-layout-flow wp-block-column-is-layout-flow\" style=\"flex-basis:100%\">\n<div class=\"wp-block-columns is-layout-flex wp-container-core-columns-is-layout-28f84493 wp-block-columns-is-layout-flex\">\n<div class=\"wp-block-column is-layout-flow wp-block-column-is-layout-flow\" style=\"flex-basis:66.66%\">\n<p>Nous sommes 4 chiennes et 4 m\u00e2les \/<br><em>wir sind 4 H\u00fcndinnen und 4 R\u00fcden<\/em><\/p>\n\n\n\n<p>Pour la couleur nous sommes uniform\u00e9ment noir<\/p>\n\n\n\n<p><em>F\u00fcr die Farbe sind wir einheitlich schwarz<\/em><\/p>\n<\/div>\n\n\n\n<div class=\"wp-block-column is-layout-flow wp-block-column-is-layout-flow\" style=\"flex-basis:33.33%\">\n<figure class=\"wp-block-image size-full\"><img loading=\"lazy\" decoding=\"async\" width=\"492\" height=\"479\" src=\"http:\/\/www.lamaisonduchanet.ch\/wp-content\/uploads\/2024\/08\/no-2.jpeg\" alt=\"\" class=\"wp-image-533\" srcset=\"https:\/\/www.lamaisonduchanet.ch\/wp-content\/uploads\/2024\/08\/no-2.jpeg 492w, https:\/\/www.lamaisonduchanet.ch\/wp-content\/uploads\/2024\/08\/no-2-300x292.jpeg 300w\" sizes=\"auto, (max-width: 492px) 100vw, 492px\" \/><figcaption class=\"wp-element-caption\">D\u2019amour<\/figcaption><\/figure>\n<\/div>\n<\/div>\n\n\n\n<p class=\"has-secondary-background-color has-background has-medium-font-size\">Je prends volontier vos r\u00e9servations, toutefois il faut savoir que le choix d\u00e9finitif des attributions se fera seulement en semaine 8<br><em>Ich nehme gerne Ihre Reservierungen entgegen, allerdings sollten Sie beachten, dass die endg\u00fcltige Zuteilung erst in Woche 8 erfolgt.<\/em><\/p>\n<\/div>\n<\/div>\n\n\n\n<div class=\"wp-block-columns is-layout-flex wp-container-core-columns-is-layout-28f84493 wp-block-columns-is-layout-flex\">\n<div class=\"wp-block-column is-layout-flow wp-block-column-is-layout-flow\" style=\"flex-basis:100%\">\n<figure class=\"wp-block-gallery aligncenter has-nested-images columns-default is-cropped wp-block-gallery-1 is-layout-flex wp-block-gallery-is-layout-flex\">\n<figure class=\"wp-block-image size-full\"><img loading=\"lazy\" decoding=\"async\" width=\"480\" height=\"480\" data-id=\"548\" src=\"https:\/\/www.lamaisonduchanet.ch\/wp-content\/uploads\/2024\/08\/dans-les-pattes-de-Maman-edited-rotated.jpeg\" alt=\"\" class=\"wp-image-548\" srcset=\"https:\/\/www.lamaisonduchanet.ch\/wp-content\/uploads\/2024\/08\/dans-les-pattes-de-Maman-edited-rotated.jpeg 480w, https:\/\/www.lamaisonduchanet.ch\/wp-content\/uploads\/2024\/08\/dans-les-pattes-de-Maman-edited-300x300.jpeg 300w, https:\/\/www.lamaisonduchanet.ch\/wp-content\/uploads\/2024\/08\/dans-les-pattes-de-Maman-edited-150x150.jpeg 150w\" sizes=\"auto, (max-width: 480px) 100vw, 480px\" \/><\/figure>\n<\/figure>\n<\/div>\n<\/div>\n\n\n\n<figure class=\"wp-block-gallery has-nested-images columns-default is-cropped wp-block-gallery-2 is-layout-flex wp-block-gallery-is-layout-flex\">\n<figure class=\"wp-block-image size-large\"><img loading=\"lazy\" decoding=\"async\" width=\"768\" height=\"1024\" data-id=\"584\" src=\"https:\/\/www.lamaisonduchanet.ch\/wp-content\/uploads\/2024\/09\/DUne-A-768x1024.jpg\" alt=\"\" class=\"wp-image-584\" srcset=\"https:\/\/www.lamaisonduchanet.ch\/wp-content\/uploads\/2024\/09\/DUne-A-768x1024.jpg 768w, https:\/\/www.lamaisonduchanet.ch\/wp-content\/uploads\/2024\/09\/DUne-A-225x300.jpg 225w, https:\/\/www.lamaisonduchanet.ch\/wp-content\/uploads\/2024\/09\/DUne-A-1152x1536.jpg 1152w, https:\/\/www.lamaisonduchanet.ch\/wp-content\/uploads\/2024\/09\/DUne-A.jpg 1500w\" sizes=\"auto, (max-width: 768px) 100vw, 768px\" \/><\/figure>\n\n\n\n<figure class=\"wp-block-image size-large\"><img loading=\"lazy\" decoding=\"async\" width=\"1024\" height=\"768\" data-id=\"580\" src=\"https:\/\/www.lamaisonduchanet.ch\/wp-content\/uploads\/2024\/09\/Due-t-1024x768.jpg\" alt=\"\" class=\"wp-image-580\" srcset=\"https:\/\/www.lamaisonduchanet.ch\/wp-content\/uploads\/2024\/09\/Due-t-1024x768.jpg 1024w, https:\/\/www.lamaisonduchanet.ch\/wp-content\/uploads\/2024\/09\/Due-t-300x225.jpg 300w, https:\/\/www.lamaisonduchanet.ch\/wp-content\/uploads\/2024\/09\/Due-t-768x576.jpg 768w, https:\/\/www.lamaisonduchanet.ch\/wp-content\/uploads\/2024\/09\/Due-t-1536x1152.jpg 1536w, https:\/\/www.lamaisonduchanet.ch\/wp-content\/uploads\/2024\/09\/Due-t.jpg 2000w\" sizes=\"auto, (max-width: 1024px) 100vw, 1024px\" \/><\/figure>\n\n\n\n<figure class=\"wp-block-image size-large\"><img loading=\"lazy\" decoding=\"async\" width=\"768\" height=\"1024\" data-id=\"572\" src=\"https:\/\/www.lamaisonduchanet.ch\/wp-content\/uploads\/2024\/09\/Dille-T-768x1024.jpg\" alt=\"\" class=\"wp-image-572\" srcset=\"https:\/\/www.lamaisonduchanet.ch\/wp-content\/uploads\/2024\/09\/Dille-T-768x1024.jpg 768w, https:\/\/www.lamaisonduchanet.ch\/wp-content\/uploads\/2024\/09\/Dille-T-225x300.jpg 225w, https:\/\/www.lamaisonduchanet.ch\/wp-content\/uploads\/2024\/09\/Dille-T-1152x1536.jpg 1152w, https:\/\/www.lamaisonduchanet.ch\/wp-content\/uploads\/2024\/09\/Dille-T.jpg 1500w\" sizes=\"auto, (max-width: 768px) 100vw, 768px\" \/><\/figure>\n\n\n\n<figure class=\"wp-block-image size-large\"><img loading=\"lazy\" decoding=\"async\" width=\"768\" height=\"1024\" data-id=\"570\" src=\"https:\/\/www.lamaisonduchanet.ch\/wp-content\/uploads\/2024\/09\/DLuck-A2-768x1024.jpg\" alt=\"\" class=\"wp-image-570\" srcset=\"https:\/\/www.lamaisonduchanet.ch\/wp-content\/uploads\/2024\/09\/DLuck-A2-768x1024.jpg 768w, https:\/\/www.lamaisonduchanet.ch\/wp-content\/uploads\/2024\/09\/DLuck-A2-225x300.jpg 225w, https:\/\/www.lamaisonduchanet.ch\/wp-content\/uploads\/2024\/09\/DLuck-A2-1152x1536.jpg 1152w, https:\/\/www.lamaisonduchanet.ch\/wp-content\/uploads\/2024\/09\/DLuck-A2.jpg 1500w\" sizes=\"auto, (max-width: 768px) 100vw, 768px\" \/><\/figure>\n\n\n\n<figure class=\"wp-block-image size-large\"><img loading=\"lazy\" decoding=\"async\" width=\"768\" height=\"1024\" data-id=\"579\" src=\"https:\/\/www.lamaisonduchanet.ch\/wp-content\/uploads\/2024\/09\/DAmour-A2-768x1024.jpg\" alt=\"\" class=\"wp-image-579\" srcset=\"https:\/\/www.lamaisonduchanet.ch\/wp-content\/uploads\/2024\/09\/DAmour-A2-768x1024.jpg 768w, https:\/\/www.lamaisonduchanet.ch\/wp-content\/uploads\/2024\/09\/DAmour-A2-225x300.jpg 225w, https:\/\/www.lamaisonduchanet.ch\/wp-content\/uploads\/2024\/09\/DAmour-A2-1152x1536.jpg 1152w, https:\/\/www.lamaisonduchanet.ch\/wp-content\/uploads\/2024\/09\/DAmour-A2.jpg 1500w\" sizes=\"auto, (max-width: 768px) 100vw, 768px\" \/><\/figure>\n\n\n\n<figure class=\"wp-block-image size-large\"><img loading=\"lazy\" decoding=\"async\" width=\"768\" height=\"1024\" data-id=\"569\" src=\"https:\/\/www.lamaisonduchanet.ch\/wp-content\/uploads\/2024\/09\/Dark-A-768x1024.jpg\" alt=\"\" class=\"wp-image-569\" srcset=\"https:\/\/www.lamaisonduchanet.ch\/wp-content\/uploads\/2024\/09\/Dark-A-768x1024.jpg 768w, https:\/\/www.lamaisonduchanet.ch\/wp-content\/uploads\/2024\/09\/Dark-A-225x300.jpg 225w, https:\/\/www.lamaisonduchanet.ch\/wp-content\/uploads\/2024\/09\/Dark-A-1152x1536.jpg 1152w, https:\/\/www.lamaisonduchanet.ch\/wp-content\/uploads\/2024\/09\/Dark-A.jpg 1500w\" sizes=\"auto, (max-width: 768px) 100vw, 768px\" \/><\/figure>\n\n\n\n<figure class=\"wp-block-image size-large\"><img loading=\"lazy\" decoding=\"async\" width=\"768\" height=\"1024\" data-id=\"587\" src=\"https:\/\/www.lamaisonduchanet.ch\/wp-content\/uploads\/2024\/09\/DAmour-A-768x1024.jpg\" alt=\"\" class=\"wp-image-587\" srcset=\"https:\/\/www.lamaisonduchanet.ch\/wp-content\/uploads\/2024\/09\/DAmour-A-768x1024.jpg 768w, https:\/\/www.lamaisonduchanet.ch\/wp-content\/uploads\/2024\/09\/DAmour-A-225x300.jpg 225w, https:\/\/www.lamaisonduchanet.ch\/wp-content\/uploads\/2024\/09\/DAmour-A-1152x1536.jpg 1152w, https:\/\/www.lamaisonduchanet.ch\/wp-content\/uploads\/2024\/09\/DAmour-A.jpg 1500w\" sizes=\"auto, (max-width: 768px) 100vw, 768px\" \/><\/figure>\n<\/figure>\n\n\n\n<figure class=\"wp-block-gallery has-nested-images columns-default is-cropped wp-block-gallery-3 is-layout-flex wp-block-gallery-is-layout-flex\">\n<figure class=\"wp-block-image size-large\"><img loading=\"lazy\" decoding=\"async\" width=\"1024\" height=\"768\" data-id=\"583\" src=\"https:\/\/www.lamaisonduchanet.ch\/wp-content\/uploads\/2024\/09\/Dille-D-1024x768.jpg\" alt=\"\" class=\"wp-image-583\" srcset=\"https:\/\/www.lamaisonduchanet.ch\/wp-content\/uploads\/2024\/09\/Dille-D-1024x768.jpg 1024w, https:\/\/www.lamaisonduchanet.ch\/wp-content\/uploads\/2024\/09\/Dille-D-300x225.jpg 300w, https:\/\/www.lamaisonduchanet.ch\/wp-content\/uploads\/2024\/09\/Dille-D-768x576.jpg 768w, https:\/\/www.lamaisonduchanet.ch\/wp-content\/uploads\/2024\/09\/Dille-D-1536x1152.jpg 1536w, https:\/\/www.lamaisonduchanet.ch\/wp-content\/uploads\/2024\/09\/Dille-D.jpg 2000w\" sizes=\"auto, (max-width: 1024px) 100vw, 1024px\" \/><\/figure>\n\n\n\n<figure class=\"wp-block-image size-large\"><img loading=\"lazy\" decoding=\"async\" width=\"1024\" height=\"768\" data-id=\"588\" src=\"http:\/\/www.lamaisonduchanet.ch\/wp-content\/uploads\/2024\/09\/Dark-D-1024x768.jpg\" alt=\"\" class=\"wp-image-588\" srcset=\"https:\/\/www.lamaisonduchanet.ch\/wp-content\/uploads\/2024\/09\/Dark-D-1024x768.jpg 1024w, https:\/\/www.lamaisonduchanet.ch\/wp-content\/uploads\/2024\/09\/Dark-D-300x225.jpg 300w, https:\/\/www.lamaisonduchanet.ch\/wp-content\/uploads\/2024\/09\/Dark-D-768x576.jpg 768w, https:\/\/www.lamaisonduchanet.ch\/wp-content\/uploads\/2024\/09\/Dark-D-1536x1152.jpg 1536w, https:\/\/www.lamaisonduchanet.ch\/wp-content\/uploads\/2024\/09\/Dark-D.jpg 2000w\" sizes=\"auto, (max-width: 1024px) 100vw, 1024px\" \/><\/figure>\n<\/figure>\n\n\n\n<figure class=\"wp-block-gallery has-nested-images columns-default is-cropped wp-block-gallery-4 is-layout-flex wp-block-gallery-is-layout-flex\">\n<figure class=\"wp-block-image size-large\"><img loading=\"lazy\" decoding=\"async\" width=\"1024\" height=\"768\" data-id=\"586\" src=\"https:\/\/www.lamaisonduchanet.ch\/wp-content\/uploads\/2024\/09\/Diabolo-T-1024x768.jpg\" alt=\"\" class=\"wp-image-586\" srcset=\"https:\/\/www.lamaisonduchanet.ch\/wp-content\/uploads\/2024\/09\/Diabolo-T-1024x768.jpg 1024w, https:\/\/www.lamaisonduchanet.ch\/wp-content\/uploads\/2024\/09\/Diabolo-T-300x225.jpg 300w, https:\/\/www.lamaisonduchanet.ch\/wp-content\/uploads\/2024\/09\/Diabolo-T-768x576.jpg 768w, https:\/\/www.lamaisonduchanet.ch\/wp-content\/uploads\/2024\/09\/Diabolo-T-1536x1152.jpg 1536w, https:\/\/www.lamaisonduchanet.ch\/wp-content\/uploads\/2024\/09\/Diabolo-T.jpg 2000w\" sizes=\"auto, (max-width: 1024px) 100vw, 1024px\" \/><\/figure>\n\n\n\n<figure class=\"wp-block-image size-large\"><img loading=\"lazy\" decoding=\"async\" width=\"1024\" height=\"768\" data-id=\"575\" src=\"http:\/\/www.lamaisonduchanet.ch\/wp-content\/uploads\/2024\/09\/cDiabolo-D2-1024x768.jpg\" alt=\"\" class=\"wp-image-575\" srcset=\"https:\/\/www.lamaisonduchanet.ch\/wp-content\/uploads\/2024\/09\/cDiabolo-D2-1024x768.jpg 1024w, https:\/\/www.lamaisonduchanet.ch\/wp-content\/uploads\/2024\/09\/cDiabolo-D2-300x225.jpg 300w, https:\/\/www.lamaisonduchanet.ch\/wp-content\/uploads\/2024\/09\/cDiabolo-D2-768x576.jpg 768w, https:\/\/www.lamaisonduchanet.ch\/wp-content\/uploads\/2024\/09\/cDiabolo-D2-1536x1152.jpg 1536w, https:\/\/www.lamaisonduchanet.ch\/wp-content\/uploads\/2024\/09\/cDiabolo-D2.jpg 2000w\" sizes=\"auto, (max-width: 1024px) 100vw, 1024px\" \/><\/figure>\n<\/figure>\n\n\n\n<figure class=\"wp-block-gallery has-nested-images columns-default is-cropped wp-block-gallery-5 is-layout-flex wp-block-gallery-is-layout-flex\">\n<figure class=\"wp-block-image size-large\"><img loading=\"lazy\" decoding=\"async\" width=\"1024\" height=\"814\" data-id=\"576\" src=\"http:\/\/www.lamaisonduchanet.ch\/wp-content\/uploads\/2024\/09\/Dis-Moi-D-1-1024x814.jpg\" alt=\"\" class=\"wp-image-576\" srcset=\"https:\/\/www.lamaisonduchanet.ch\/wp-content\/uploads\/2024\/09\/Dis-Moi-D-1-1024x814.jpg 1024w, https:\/\/www.lamaisonduchanet.ch\/wp-content\/uploads\/2024\/09\/Dis-Moi-D-1-300x238.jpg 300w, https:\/\/www.lamaisonduchanet.ch\/wp-content\/uploads\/2024\/09\/Dis-Moi-D-1-768x610.jpg 768w, https:\/\/www.lamaisonduchanet.ch\/wp-content\/uploads\/2024\/09\/Dis-Moi-D-1-1536x1221.jpg 1536w, https:\/\/www.lamaisonduchanet.ch\/wp-content\/uploads\/2024\/09\/Dis-Moi-D-1.jpg 1887w\" sizes=\"auto, (max-width: 1024px) 100vw, 1024px\" \/><\/figure>\n\n\n\n<figure class=\"wp-block-image size-large\"><img loading=\"lazy\" decoding=\"async\" width=\"1024\" height=\"768\" data-id=\"578\" src=\"https:\/\/www.lamaisonduchanet.ch\/wp-content\/uploads\/2024\/09\/DAmour-D-1024x768.jpg\" alt=\"\" class=\"wp-image-578\" srcset=\"https:\/\/www.lamaisonduchanet.ch\/wp-content\/uploads\/2024\/09\/DAmour-D-1024x768.jpg 1024w, https:\/\/www.lamaisonduchanet.ch\/wp-content\/uploads\/2024\/09\/DAmour-D-300x225.jpg 300w, https:\/\/www.lamaisonduchanet.ch\/wp-content\/uploads\/2024\/09\/DAmour-D-768x576.jpg 768w, https:\/\/www.lamaisonduchanet.ch\/wp-content\/uploads\/2024\/09\/DAmour-D-1536x1152.jpg 1536w, https:\/\/www.lamaisonduchanet.ch\/wp-content\/uploads\/2024\/09\/DAmour-D.jpg 2000w\" sizes=\"auto, (max-width: 1024px) 100vw, 1024px\" \/><\/figure>\n<\/figure>\n\n\n\n\n\n<figure class=\"wp-block-image size-full\"><img loading=\"lazy\" decoding=\"async\" width=\"1024\" height=\"723\" src=\"http:\/\/www.lamaisonduchanet.ch\/wp-content\/uploads\/2024\/07\/Lucky-et-Janot.png\" alt=\"\" class=\"wp-image-502\" srcset=\"https:\/\/www.lamaisonduchanet.ch\/wp-content\/uploads\/2024\/07\/Lucky-et-Janot.png 1024w, https:\/\/www.lamaisonduchanet.ch\/wp-content\/uploads\/2024\/07\/Lucky-et-Janot-300x212.png 300w, https:\/\/www.lamaisonduchanet.ch\/wp-content\/uploads\/2024\/07\/Lucky-et-Janot-768x542.png 768w\" sizes=\"auto, (max-width: 1024px) 100vw, 1024px\" \/><\/figure>\n\n\n\n<figure class=\"wp-block-image size-full\"><img loading=\"lazy\" decoding=\"async\" width=\"640\" height=\"480\" src=\"http:\/\/www.lamaisonduchanet.ch\/wp-content\/uploads\/2024\/05\/001-les-5-apres-bis.jpg\" alt=\"\" class=\"wp-image-465\" srcset=\"https:\/\/www.lamaisonduchanet.ch\/wp-content\/uploads\/2024\/05\/001-les-5-apres-bis.jpg 640w, https:\/\/www.lamaisonduchanet.ch\/wp-content\/uploads\/2024\/05\/001-les-5-apres-bis-300x225.jpg 300w\" sizes=\"auto, (max-width: 640px) 100vw, 640px\" \/><\/figure>\n","protected":false},"excerpt":{"rendered":"<p>Nous sommes 4 chiennes et 4 m\u00e2les \/wir sind 4 H\u00fcndinnen und 4 R\u00fcden Pour la couleur nous sommes uniform\u00e9ment noir F\u00fcr die Farbe sind wir einheitlich schwarz Je prends volontier vos r\u00e9servations, toutefois il faut savoir que le choix d\u00e9finitif des attributions se fera seulement en semaine 8Ich nehme gerne Ihre Reservierungen entgegen, allerdings [&hellip;]<\/p>\n","protected":false},"author":1,"featured_media":0,"parent":0,"menu_order":8,"comment_status":"closed","ping_status":"closed","template":"","meta":{"footnotes":""},"class_list":["post-539","page","type-page","status-publish","hentry"],"_links":{"self":[{"href":"https:\/\/www.lamaisonduchanet.ch\/index.php?rest_route=\/wp\/v2\/pages\/539","targetHints":{"allow":["GET"]}}],"collection":[{"href":"https:\/\/www.lamaisonduchanet.ch\/index.php?rest_route=\/wp\/v2\/pages"}],"about":[{"href":"https:\/\/www.lamaisonduchanet.ch\/index.php?rest_route=\/wp\/v2\/types\/page"}],"author":[{"embeddable":true,"href":"https:\/\/www.lamaisonduchanet.ch\/index.php?rest_route=\/wp\/v2\/users\/1"}],"replies":[{"embeddable":true,"href":"https:\/\/www.lamaisonduchanet.ch\/index.php?rest_route=%2Fwp%2Fv2%2Fcomments&post=539"}],"version-history":[{"count":8,"href":"https:\/\/www.lamaisonduchanet.ch\/index.php?rest_route=\/wp\/v2\/pages\/539\/revisions"}],"predecessor-version":[{"id":622,"href":"https:\/\/www.lamaisonduchanet.ch\/index.php?rest_route=\/wp\/v2\/pages\/539\/revisions\/622"}],"wp:attachment":[{"href":"https:\/\/www.lamaisonduchanet.ch\/index.php?rest_route=%2Fwp%2Fv2%2Fmedia&parent=539"}],"curies":[{"name":"wp","href":"https:\/\/api.w.org\/{rel}","templated":true}]}}