{"id":471,"date":"2024-05-19T07:21:43","date_gmt":"2024-05-19T05:21:43","guid":{"rendered":"https:\/\/www.lamaisonduchanet.ch\/?page_id=471"},"modified":"2026-04-10T10:13:13","modified_gmt":"2026-04-10T08:13:13","slug":"avenir-zukunft","status":"publish","type":"page","link":"https:\/\/www.lamaisonduchanet.ch\/?page_id=471","title":{"rendered":"Nos port\u00e9es \/ Unsere W\u00fcrfe"},"content":{"rendered":"\n<div class=\"wp-block-columns is-layout-flex wp-container-core-columns-is-layout-28f84493 wp-block-columns-is-layout-flex\">\n<div class=\"wp-block-column is-layout-flow wp-block-column-is-layout-flow\" style=\"flex-basis:100%\">\n<figure class=\"wp-block-image alignright size-full is-resized\"><img loading=\"lazy\" decoding=\"async\" width=\"480\" height=\"640\" src=\"http:\/\/www.lamaisonduchanet.ch\/wp-content\/uploads\/2024\/08\/dans-le-soleil.jpeg\" alt=\"\" class=\"wp-image-535\" style=\"width:210px;height:auto\" srcset=\"https:\/\/www.lamaisonduchanet.ch\/wp-content\/uploads\/2024\/08\/dans-le-soleil.jpeg 480w, https:\/\/www.lamaisonduchanet.ch\/wp-content\/uploads\/2024\/08\/dans-le-soleil-225x300.jpeg 225w\" sizes=\"auto, (max-width: 480px) 100vw, 480px\" \/><\/figure>\n\n\n\n<p>Vous trouvez les chiots de la port\u00e9e \u00ab\u00a0D\u00a0\u00bb sur la page de la port\u00e9e <\/p>\n\n\n\n<p><em>Finden Sie die Welpen des Wurfs \u00ab\u00a0D\u00a0\u00bb auf der Wurfseite.<\/em><\/p>\n<\/div>\n<\/div>\n\n\n\n<p>31.07.24, nous avons ouvert les yeux \/ <em>Wir haben die Augen ge\u00f6ffnet<\/em><\/p>\n\n\n\n<div class=\"wp-block-columns has-cyan-bluish-gray-color has-text-color has-link-color wp-elements-5b237f7e5c27faa34adb560e70c98cb7 is-layout-flex wp-container-core-columns-is-layout-28f84493 wp-block-columns-is-layout-flex\">\n<div class=\"wp-block-column is-layout-flow wp-block-column-is-layout-flow\" style=\"flex-basis:100%\">\n<div class=\"wp-block-columns is-layout-flex wp-container-core-columns-is-layout-28f84493 wp-block-columns-is-layout-flex\">\n<div class=\"wp-block-column is-layout-flow wp-block-column-is-layout-flow\" style=\"flex-basis:100%\">\n<figure class=\"wp-block-image aligncenter size-large is-resized\"><img loading=\"lazy\" decoding=\"async\" width=\"1024\" height=\"929\" src=\"http:\/\/www.lamaisonduchanet.ch\/wp-content\/uploads\/2024\/08\/IMG_3166-1024x929.jpeg\" alt=\"\" class=\"wp-image-528\" style=\"width:390px;height:auto\" srcset=\"https:\/\/www.lamaisonduchanet.ch\/wp-content\/uploads\/2024\/08\/IMG_3166-1024x929.jpeg 1024w, https:\/\/www.lamaisonduchanet.ch\/wp-content\/uploads\/2024\/08\/IMG_3166-300x272.jpeg 300w, https:\/\/www.lamaisonduchanet.ch\/wp-content\/uploads\/2024\/08\/IMG_3166-768x697.jpeg 768w, https:\/\/www.lamaisonduchanet.ch\/wp-content\/uploads\/2024\/08\/IMG_3166-1536x1394.jpeg 1536w, https:\/\/www.lamaisonduchanet.ch\/wp-content\/uploads\/2024\/08\/IMG_3166.jpeg 2048w\" sizes=\"auto, (max-width: 1024px) 100vw, 1024px\" \/><figcaption class=\"wp-element-caption\">Deluck<\/figcaption><\/figure>\n<\/div>\n<\/div>\n<\/div>\n<\/div>\n\n\n\n<div class=\"wp-block-columns is-layout-flex wp-container-core-columns-is-layout-28f84493 wp-block-columns-is-layout-flex\">\n<div class=\"wp-block-column is-layout-flow wp-block-column-is-layout-flow\" style=\"flex-basis:100%\">\n<p class=\"has-text-align-center has-vivid-red-color has-text-color has-link-color wp-elements-f48c1248c6530908a632d6d74134cec8\"><strong>ils sont n\u00e9s les chiots de Lucky et Janot <br><em>Die Welpen von Lucky und Janot sind geboren<\/em><\/strong><\/p>\n<\/div>\n<\/div>\n\n\n\n<p>le 18.07.24 nous avons eu le bonheur d&rsquo;accueillir 4 petites femelles et 4 petits m\u00e2les une belle fratrie de 8 pour notre petite maman<\/p>\n\n\n\n<p><em>am 18.07.24 hatten wir das Gl\u00fcck, 4 kleine Weibchen und 4 kleine R\u00fcde zu begr\u00fcssen ein sch\u00f6nes Geschwisterchen von 8 f\u00fcr unsere kleine Mutter<\/em><\/p>\n\n\n\n<div class=\"wp-block-cover\" style=\"min-height:278px;aspect-ratio:unset;\"><span aria-hidden=\"true\" class=\"wp-block-cover__background has-background-dim\"><\/span><img loading=\"lazy\" decoding=\"async\" width=\"640\" height=\"479\" class=\"wp-block-cover__image-background wp-image-523\" alt=\"\" src=\"https:\/\/www.lamaisonduchanet.ch\/wp-content\/uploads\/2024\/07\/l1.jpeg\" data-object-fit=\"cover\" srcset=\"https:\/\/www.lamaisonduchanet.ch\/wp-content\/uploads\/2024\/07\/l1.jpeg 640w, https:\/\/www.lamaisonduchanet.ch\/wp-content\/uploads\/2024\/07\/l1-300x225.jpeg 300w\" sizes=\"auto, (max-width: 640px) 100vw, 640px\" \/><div class=\"wp-block-cover__inner-container is-layout-flow wp-block-cover-is-layout-flow\">\n<p class=\"has-text-align-center has-large-font-size\"><\/p>\n<\/div><\/div>\n\n\n\n<p><\/p>\n\n\n\n<p><\/p>\n\n\n\n<figure class=\"wp-block-image size-full\"><img loading=\"lazy\" decoding=\"async\" width=\"1024\" height=\"723\" src=\"https:\/\/www.lamaisonduchanet.ch\/wp-content\/uploads\/2024\/07\/Lucky-et-Janot.png\" alt=\"\" class=\"wp-image-502\" srcset=\"https:\/\/www.lamaisonduchanet.ch\/wp-content\/uploads\/2024\/07\/Lucky-et-Janot.png 1024w, https:\/\/www.lamaisonduchanet.ch\/wp-content\/uploads\/2024\/07\/Lucky-et-Janot-300x212.png 300w, https:\/\/www.lamaisonduchanet.ch\/wp-content\/uploads\/2024\/07\/Lucky-et-Janot-768x542.png 768w\" sizes=\"auto, (max-width: 1024px) 100vw, 1024px\" \/><\/figure>\n\n\n\n<p class=\"has-small-font-size\"><strong>Lucky Kgiazece Siolo a \u00e9t\u00e9 saillie le 18.05.24<\/strong><br>HD B\/B &#8211; ED 0\/0 &#8211; DNA-Profil &#8211; prcd-PRA N\/N &#8211; vWD1 N\/N &#8211; D1.Lokus N\/N &#8211; K-Lokus KB\/KB<\/p>\n\n\n\n<div class=\"wp-block-columns is-layout-flex wp-container-core-columns-is-layout-28f84493 wp-block-columns-is-layout-flex\">\n<div class=\"wp-block-column is-layout-flow wp-block-column-is-layout-flow\">\n<figure class=\"wp-block-image size-full\"><img loading=\"lazy\" decoding=\"async\" width=\"480\" height=\"640\" src=\"http:\/\/www.lamaisonduchanet.ch\/wp-content\/uploads\/2024\/05\/001-Lucky-fatiguee-2.jpg\" alt=\"\" class=\"wp-image-469\" srcset=\"https:\/\/www.lamaisonduchanet.ch\/wp-content\/uploads\/2024\/05\/001-Lucky-fatiguee-2.jpg 480w, https:\/\/www.lamaisonduchanet.ch\/wp-content\/uploads\/2024\/05\/001-Lucky-fatiguee-2-225x300.jpg 225w\" sizes=\"auto, (max-width: 480px) 100vw, 480px\" \/><\/figure>\n<\/div>\n\n\n\n<div class=\"wp-block-column is-layout-flow wp-block-column-is-layout-flow\">\n<figure class=\"wp-block-image size-full\"><img loading=\"lazy\" decoding=\"async\" width=\"480\" height=\"640\" src=\"http:\/\/www.lamaisonduchanet.ch\/wp-content\/uploads\/2024\/05\/001-croche-bien.jpg\" alt=\"\" class=\"wp-image-464\" srcset=\"https:\/\/www.lamaisonduchanet.ch\/wp-content\/uploads\/2024\/05\/001-croche-bien.jpg 480w, https:\/\/www.lamaisonduchanet.ch\/wp-content\/uploads\/2024\/05\/001-croche-bien-225x300.jpg 225w\" sizes=\"auto, (max-width: 480px) 100vw, 480px\" \/><\/figure>\n<\/div>\n<\/div>\n\n\n\n<p class=\"has-text-align-center\">avec le <strong>Champion du Monde\/Word Champion 2023, <\/strong><br><strong>Champion de Hollande 2024, <\/strong><br><br><strong>Janot de la Colline des Violette<\/strong><br>HD B\/B &#8211; ED 0\/0 &#8211; DNA-Profil &#8211; prcd-PRA N\/N &#8211; vWD1 N\/N &#8211; D1.Lokus N\/N &#8211; <br>K-Lokus Kb\/Kb <br> E-Lokus e1 N\/e1 (gleb, lemon, rot, cream, apricot) <br> B-Lokus (braun,chocolate,liver)<\/p>\n\n\n\n<p><\/p>\n\n\n\n<p>Nous esp\u00e9rons que cette alliance donnera de tr\u00e8s beaux chiots<\/p>\n\n\n\n<p><\/p>\n\n\n\n<figure class=\"wp-block-gallery has-nested-images columns-default is-cropped wp-block-gallery-1 is-layout-flex wp-block-gallery-is-layout-flex\">\n<figure class=\"wp-block-image size-large\"><img loading=\"lazy\" decoding=\"async\" width=\"640\" height=\"480\" data-id=\"470\" src=\"https:\/\/www.lamaisonduchanet.ch\/wp-content\/uploads\/2024\/05\/001-Wanja-et-moi-1.jpg\" alt=\"\" class=\"wp-image-470\" srcset=\"https:\/\/www.lamaisonduchanet.ch\/wp-content\/uploads\/2024\/05\/001-Wanja-et-moi-1.jpg 640w, https:\/\/www.lamaisonduchanet.ch\/wp-content\/uploads\/2024\/05\/001-Wanja-et-moi-1-300x225.jpg 300w\" sizes=\"auto, (max-width: 640px) 100vw, 640px\" \/><\/figure>\n<\/figure>\n\n\n\n<div class=\"wp-block-columns is-layout-flex wp-container-core-columns-is-layout-28f84493 wp-block-columns-is-layout-flex\">\n<div class=\"wp-block-column is-layout-flow wp-block-column-is-layout-flow\" style=\"flex-basis:100%\">\n<figure class=\"wp-block-gallery has-nested-images columns-default is-cropped wp-block-gallery-2 is-layout-flex wp-block-gallery-is-layout-flex\">\n<figure class=\"wp-block-image size-large\"><img loading=\"lazy\" decoding=\"async\" width=\"1024\" height=\"768\" data-id=\"466\" src=\"https:\/\/www.lamaisonduchanet.ch\/wp-content\/uploads\/2024\/05\/001-les-5-no-2-1024x768.jpg\" alt=\"\" class=\"wp-image-466\" srcset=\"https:\/\/www.lamaisonduchanet.ch\/wp-content\/uploads\/2024\/05\/001-les-5-no-2-1024x768.jpg 1024w, https:\/\/www.lamaisonduchanet.ch\/wp-content\/uploads\/2024\/05\/001-les-5-no-2-300x225.jpg 300w, https:\/\/www.lamaisonduchanet.ch\/wp-content\/uploads\/2024\/05\/001-les-5-no-2-768x576.jpg 768w, https:\/\/www.lamaisonduchanet.ch\/wp-content\/uploads\/2024\/05\/001-les-5-no-2-1536x1152.jpg 1536w, https:\/\/www.lamaisonduchanet.ch\/wp-content\/uploads\/2024\/05\/001-les-5-no-2-2048x1536.jpg 2048w\" sizes=\"auto, (max-width: 1024px) 100vw, 1024px\" \/><\/figure>\n<\/figure>\n<\/div>\n<\/div>\n\n\n\n<p class=\"has-text-align-center\">pour tous renseignements, vous trouvez nos donn\u00e9es \u00e0 la derni\u00e8re page<br><em><br>weitere Informationen \u00fcber uns finden Sie auf der letzte Seite<\/em><\/p>\n\n\n\n<p><\/p>\n","protected":false},"excerpt":{"rendered":"<p>Vous trouvez les chiots de la port\u00e9e \u00ab\u00a0D\u00a0\u00bb sur la page de la port\u00e9e Finden Sie die Welpen des Wurfs \u00ab\u00a0D\u00a0\u00bb auf der Wurfseite. 31.07.24, nous avons ouvert les yeux \/ Wir haben die Augen ge\u00f6ffnet ils sont n\u00e9s les chiots de Lucky et Janot Die Welpen von Lucky und Janot sind geboren le 18.07.24 [&hellip;]<\/p>\n","protected":false},"author":1,"featured_media":0,"parent":0,"menu_order":9,"comment_status":"closed","ping_status":"closed","template":"","meta":{"footnotes":""},"class_list":["post-471","page","type-page","status-publish","hentry"],"_links":{"self":[{"href":"https:\/\/www.lamaisonduchanet.ch\/index.php?rest_route=\/wp\/v2\/pages\/471","targetHints":{"allow":["GET"]}}],"collection":[{"href":"https:\/\/www.lamaisonduchanet.ch\/index.php?rest_route=\/wp\/v2\/pages"}],"about":[{"href":"https:\/\/www.lamaisonduchanet.ch\/index.php?rest_route=\/wp\/v2\/types\/page"}],"author":[{"embeddable":true,"href":"https:\/\/www.lamaisonduchanet.ch\/index.php?rest_route=\/wp\/v2\/users\/1"}],"replies":[{"embeddable":true,"href":"https:\/\/www.lamaisonduchanet.ch\/index.php?rest_route=%2Fwp%2Fv2%2Fcomments&post=471"}],"version-history":[{"count":17,"href":"https:\/\/www.lamaisonduchanet.ch\/index.php?rest_route=\/wp\/v2\/pages\/471\/revisions"}],"predecessor-version":[{"id":617,"href":"https:\/\/www.lamaisonduchanet.ch\/index.php?rest_route=\/wp\/v2\/pages\/471\/revisions\/617"}],"wp:attachment":[{"href":"https:\/\/www.lamaisonduchanet.ch\/index.php?rest_route=%2Fwp%2Fv2%2Fmedia&parent=471"}],"curies":[{"name":"wp","href":"https:\/\/api.w.org\/{rel}","templated":true}]}}