{"id":439,"date":"2024-04-16T17:41:02","date_gmt":"2024-04-16T15:41:02","guid":{"rendered":"https:\/\/www.lamaisonduchanet.ch\/?page_id=439"},"modified":"2024-08-06T17:28:18","modified_gmt":"2024-08-06T15:28:18","slug":"merci","status":"publish","type":"page","link":"https:\/\/www.lamaisonduchanet.ch\/?page_id=439","title":{"rendered":"Merci pour cette magnifique journ\u00e9e"},"content":{"rendered":"\n<p class=\"has-text-align-center\">La rencontre avec tous <br>les chiots d&rsquo;Abi n\u00e9 \u00e0 la Maison du Chanet<\/p>\n\n\n\n<div class=\"wp-block-group is-layout-constrained wp-block-group-is-layout-constrained\">\n<div class=\"wp-block-columns is-layout-flex wp-container-core-columns-is-layout-28f84493 wp-block-columns-is-layout-flex\">\n<div class=\"wp-block-column is-layout-flow wp-block-column-is-layout-flow\" style=\"flex-basis:100%\">\n<figure class=\"wp-block-gallery alignwide has-nested-images columns-default is-cropped wp-block-gallery-1 is-layout-flex wp-block-gallery-is-layout-flex\">\n<figure class=\"wp-block-image size-full\"><img loading=\"lazy\" decoding=\"async\" width=\"768\" height=\"1024\" data-id=\"446\" src=\"http:\/\/www.lamaisonduchanet.ch\/wp-content\/uploads\/2024\/04\/283471ec-1ac7-4e2b-ab78-8e2efd5bd1f0-768x1024-1.jpg\" alt=\"\" class=\"wp-image-446\" srcset=\"https:\/\/www.lamaisonduchanet.ch\/wp-content\/uploads\/2024\/04\/283471ec-1ac7-4e2b-ab78-8e2efd5bd1f0-768x1024-1.jpg 768w, https:\/\/www.lamaisonduchanet.ch\/wp-content\/uploads\/2024\/04\/283471ec-1ac7-4e2b-ab78-8e2efd5bd1f0-768x1024-1-225x300.jpg 225w\" sizes=\"auto, (max-width: 768px) 100vw, 768px\" \/><\/figure>\n<\/figure>\n<\/div>\n<\/div>\n<\/div>\n\n\n\n<p>\u00abIst mein Barbet zu gross oder zu klein f\u00fcr sein Alter? Entspricht er dem Verhalten seiner Altersgenossen?\u00bb Fragen, die man sich als stolzer Besitzer eines Barbet ab und zu stellt.<\/p>\n\n\n\n<p><br>Am 13. April hatten an die 30 Barbet-Halter\/innen mit 13 Sch\u00fctzlingen an der Zahl Gelegenheit, sich und ihre Barbets einzuordnen. Sie waren einer Einladung der Z\u00fcchterin Ursula Marchand \u2013 \u00abde la Maison du Chanet\u00bb nach Neuch\u00e2tel gefolgt. In freundschaftlicher Ambiance konnte ein wertvoller Austausch von Erfahrungen und Erlebnissen gepflegt werden. Die Vitalit\u00e4t der spielfreudigen Vierbeiner verspr\u00fchte \u2018Besitzerstolz\u2019 und das Gef\u00fchl famili\u00e4rer Zusammengeh\u00f6rigkeit. All dies, und das vorsommerliche Wetter, die grossz\u00fcgige Anlage des \u00abSoci\u00e9t\u00e9 Cynologique de Neuch\u00e2tel\u00bb die perfekte Organisation und nicht zuletzt das reichhaltige Buffet schufen bei allen Beteiligten einen bunten Strauss erinnerungsw\u00fcrdige Eindr\u00fccke. Herzlichen Dank Ursula!<\/p>\n\n\n\n<p><\/p>\n\n\n\n<figure class=\"wp-block-image size-large\"><img loading=\"lazy\" decoding=\"async\" width=\"1024\" height=\"768\" src=\"https:\/\/www.lamaisonduchanet.ch\/wp-content\/uploads\/2024\/04\/photo-de-la-rencontre-1024x768.jpg\" alt=\"\" class=\"wp-image-455\" srcset=\"https:\/\/www.lamaisonduchanet.ch\/wp-content\/uploads\/2024\/04\/photo-de-la-rencontre-1024x768.jpg 1024w, https:\/\/www.lamaisonduchanet.ch\/wp-content\/uploads\/2024\/04\/photo-de-la-rencontre-300x225.jpg 300w, https:\/\/www.lamaisonduchanet.ch\/wp-content\/uploads\/2024\/04\/photo-de-la-rencontre-768x576.jpg 768w, https:\/\/www.lamaisonduchanet.ch\/wp-content\/uploads\/2024\/04\/photo-de-la-rencontre.jpg 1280w\" sizes=\"auto, (max-width: 1024px) 100vw, 1024px\" \/><\/figure>\n\n\n\n<p>Mon barbet est-il trop grand ou trop petit pour son \u00e2ge ? Correspond-il au comportement de ses cong\u00e9n\u00e8res ?\u00a0\u00bb Autant de questions que l&rsquo;on se pose de temps \u00e0 autre en tant qu&rsquo;heureux propri\u00e9taire d&rsquo;un barbet.<\/p>\n\n\n\n<p>Le 13 avril, une trentaine de propri\u00e9taires de barbets, accompagn\u00e9s de 13 de leurs prot\u00e9g\u00e9s, ont eu l&rsquo;occasion de se situer et de situer leurs barbets. Ils avaient r\u00e9pondu \u00e0 l&rsquo;invitation de l&rsquo;\u00e9leveuse Ursula Marchand &#8211; \u00ab\u00a0de la Maison du Chanet\u00a0\u00bb \u00e0 Neuch\u00e2tel. Dans une ambiance amicale, les participants ont pu \u00e9changer leurs exp\u00e9riences et leur v\u00e9cu. La vitalit\u00e9 de ces quadrup\u00e8des enjou\u00e9s a suscit\u00e9 la fiert\u00e9 de leur propri\u00e9taire et un sentiment d&rsquo;appartenance \u00e0 une famille. Tout cela, ajout\u00e9 au temps pr\u00e9-estival, aux installations g\u00e9n\u00e9reuses de la Soci\u00e9t\u00e9 Cynologique de Neuch\u00e2tel, \u00e0 l&rsquo;organisation parfaite et au buffet copieux, a cr\u00e9\u00e9 un bouquet d&rsquo;impressions m\u00e9morables pour tous les participants. Un grand merci \u00e0 Ursula !<\/p>\n\n\n\n<p>Marco Blatter<\/p>\n\n\n\n<div class=\"wp-block-columns is-layout-flex wp-container-core-columns-is-layout-28f84493 wp-block-columns-is-layout-flex\">\n<div class=\"wp-block-column is-layout-flow wp-block-column-is-layout-flow\" style=\"flex-basis:100%\">\n<figure class=\"wp-block-gallery has-nested-images columns-default is-cropped wp-block-gallery-2 is-layout-flex wp-block-gallery-is-layout-flex\">\n<figure class=\"wp-block-image size-large\"><img decoding=\"async\" data-id=\"459\" src=\"https:\/\/www.lamaisonduchanet.ch\/wp-content\/uploads\/2024\/05\/IMG_1024-768x1024.jpeg\" alt=\"\" class=\"wp-image-459\"\/><\/figure>\n\n\n\n<figure class=\"wp-block-image size-large\"><img decoding=\"async\" data-id=\"458\" src=\"https:\/\/www.lamaisonduchanet.ch\/wp-content\/uploads\/2024\/05\/33371399-7f79-4fa0-885f-31ea1f1d3020-1024x768.jpg\" alt=\"\" class=\"wp-image-458\"\/><\/figure>\n<\/figure>\n<\/div>\n<\/div>\n","protected":false},"excerpt":{"rendered":"<p>La rencontre avec tous les chiots d&rsquo;Abi n\u00e9 \u00e0 la Maison du Chanet \u00abIst mein Barbet zu gross oder zu klein f\u00fcr sein Alter? Entspricht er dem Verhalten seiner Altersgenossen?\u00bb Fragen, die man sich als stolzer Besitzer eines Barbet ab und zu stellt. Am 13. April hatten an die 30 Barbet-Halter\/innen mit 13 Sch\u00fctzlingen an [&hellip;]<\/p>\n","protected":false},"author":1,"featured_media":0,"parent":0,"menu_order":7,"comment_status":"closed","ping_status":"closed","template":"","meta":{"footnotes":""},"class_list":["post-439","page","type-page","status-publish","hentry"],"_links":{"self":[{"href":"https:\/\/www.lamaisonduchanet.ch\/index.php?rest_route=\/wp\/v2\/pages\/439","targetHints":{"allow":["GET"]}}],"collection":[{"href":"https:\/\/www.lamaisonduchanet.ch\/index.php?rest_route=\/wp\/v2\/pages"}],"about":[{"href":"https:\/\/www.lamaisonduchanet.ch\/index.php?rest_route=\/wp\/v2\/types\/page"}],"author":[{"embeddable":true,"href":"https:\/\/www.lamaisonduchanet.ch\/index.php?rest_route=\/wp\/v2\/users\/1"}],"replies":[{"embeddable":true,"href":"https:\/\/www.lamaisonduchanet.ch\/index.php?rest_route=%2Fwp%2Fv2%2Fcomments&post=439"}],"version-history":[{"count":7,"href":"https:\/\/www.lamaisonduchanet.ch\/index.php?rest_route=\/wp\/v2\/pages\/439\/revisions"}],"predecessor-version":[{"id":460,"href":"https:\/\/www.lamaisonduchanet.ch\/index.php?rest_route=\/wp\/v2\/pages\/439\/revisions\/460"}],"wp:attachment":[{"href":"https:\/\/www.lamaisonduchanet.ch\/index.php?rest_route=%2Fwp%2Fv2%2Fmedia&parent=439"}],"curies":[{"name":"wp","href":"https:\/\/api.w.org\/{rel}","templated":true}]}}