{"id":409,"date":"2024-01-16T20:26:48","date_gmt":"2024-01-16T19:26:48","guid":{"rendered":"https:\/\/www.lamaisonduchanet.ch\/?page_id=409"},"modified":"2024-04-16T12:03:22","modified_gmt":"2024-04-16T10:03:22","slug":"la-sante","status":"publish","type":"page","link":"https:\/\/www.lamaisonduchanet.ch\/?page_id=409","title":{"rendered":"La Sant\u00e9 \/ die Gesundheit"},"content":{"rendered":"\n<p>Chaque chiot est vu par l&rsquo;Ost\u00e9opathe Roxane De Marchis et re\u00e7oit un rapport de consultation.<\/p>\n\n\n\n<p><em>Jeder Welpe wird von unsere Osteopthin gesehen und erh\u00e4lt einen Bericht<\/em><\/p>\n\n\n\n<div class=\"wp-block-columns is-layout-flex wp-container-core-columns-is-layout-28f84493 wp-block-columns-is-layout-flex\">\n<div class=\"wp-block-column is-layout-flow wp-block-column-is-layout-flow\"><\/div>\n<\/div>\n\n\n\n<div class=\"wp-block-columns is-layout-flex wp-container-core-columns-is-layout-28f84493 wp-block-columns-is-layout-flex\">\n<div class=\"wp-block-column is-layout-flow wp-block-column-is-layout-flow\">\n<figure class=\"wp-block-image size-large is-resized\"><img loading=\"lazy\" decoding=\"async\" width=\"768\" height=\"1024\" src=\"http:\/\/www.lamaisonduchanet.ch\/wp-content\/uploads\/2024\/01\/IMG_8547-768x1024.jpeg\" alt=\"\" class=\"wp-image-402\" style=\"width:323px;height:auto\" srcset=\"https:\/\/www.lamaisonduchanet.ch\/wp-content\/uploads\/2024\/01\/IMG_8547-768x1024.jpeg 768w, https:\/\/www.lamaisonduchanet.ch\/wp-content\/uploads\/2024\/01\/IMG_8547-225x300.jpeg 225w, https:\/\/www.lamaisonduchanet.ch\/wp-content\/uploads\/2024\/01\/IMG_8547-1152x1536.jpeg 1152w, https:\/\/www.lamaisonduchanet.ch\/wp-content\/uploads\/2024\/01\/IMG_8547-1536x2048.jpeg 1536w, https:\/\/www.lamaisonduchanet.ch\/wp-content\/uploads\/2024\/01\/IMG_8547-scaled.jpeg 1920w\" sizes=\"auto, (max-width: 768px) 100vw, 768px\" \/><\/figure>\n<\/div>\n\n\n\n<div class=\"wp-block-column is-layout-flow wp-block-column-is-layout-flow\">\n<figure class=\"wp-block-image size-full is-resized\"><img loading=\"lazy\" decoding=\"async\" width=\"480\" height=\"640\" src=\"http:\/\/www.lamaisonduchanet.ch\/wp-content\/uploads\/2024\/01\/ACharlie.jpeg\" alt=\"\" class=\"wp-image-406\" style=\"width:327px;height:auto\" srcset=\"https:\/\/www.lamaisonduchanet.ch\/wp-content\/uploads\/2024\/01\/ACharlie.jpeg 480w, https:\/\/www.lamaisonduchanet.ch\/wp-content\/uploads\/2024\/01\/ACharlie-225x300.jpeg 225w\" sizes=\"auto, (max-width: 480px) 100vw, 480px\" \/><\/figure>\n<\/div>\n<\/div>\n\n\n\n<div data-wp-interactive=\"core\/file\" class=\"wp-block-file\"><object data-wp-bind--hidden=\"!state.hasPdfPreview\" hidden class=\"wp-block-file__embed\" data=\"https:\/\/www.lamaisonduchanet.ch\/wp-content\/uploads\/2024\/01\/230915-Visite-Calin-1-4.pdf\" type=\"application\/pdf\" style=\"width:100%;height:770px\" aria-label=\"Contenu embarqu\u00e9 230915-Visite-Calin-1-4.\"><\/object><a id=\"wp-block-file--media-6ec18c27-1649-47c8-94f9-0190a3915700\" href=\"https:\/\/www.lamaisonduchanet.ch\/wp-content\/uploads\/2024\/01\/230915-Visite-Calin-1-4.pdf\">230915-Visite-Calin-1-4<\/a><a href=\"https:\/\/www.lamaisonduchanet.ch\/wp-content\/uploads\/2024\/01\/230915-Visite-Calin-1-4.pdf\" class=\"wp-block-file__button wp-element-button\" download aria-describedby=\"wp-block-file--media-6ec18c27-1649-47c8-94f9-0190a3915700\">T\u00e9l\u00e9charger<\/a><\/div>\n\n\n\n<div data-wp-interactive=\"core\/file\" class=\"wp-block-file aligncenter\"><object data-wp-bind--hidden=\"!state.hasPdfPreview\" hidden class=\"wp-block-file__embed\" data=\"http:\/\/www.lamaisonduchanet.ch\/wp-content\/uploads\/2024\/01\/230915-Visite-Calin-.pdf\" type=\"application\/pdf\" style=\"width:100%;height:360px\" aria-label=\"PDF embarqu\u00e9\"><\/object><a href=\"http:\/\/www.lamaisonduchanet.ch\/wp-content\/uploads\/2024\/01\/230915-Visite-Calin-.pdf\" class=\"wp-block-file__button wp-element-button\" download>T\u00e9l\u00e9charger<\/a><\/div>\n","protected":false},"excerpt":{"rendered":"<p>Chaque chiot est vu par l&rsquo;Ost\u00e9opathe Roxane De Marchis et re\u00e7oit un rapport de consultation. Jeder Welpe wird von unsere Osteopthin gesehen und erh\u00e4lt einen Bericht<\/p>\n","protected":false},"author":1,"featured_media":0,"parent":0,"menu_order":7,"comment_status":"closed","ping_status":"closed","template":"","meta":{"footnotes":""},"class_list":["post-409","page","type-page","status-publish","hentry"],"_links":{"self":[{"href":"https:\/\/www.lamaisonduchanet.ch\/index.php?rest_route=\/wp\/v2\/pages\/409","targetHints":{"allow":["GET"]}}],"collection":[{"href":"https:\/\/www.lamaisonduchanet.ch\/index.php?rest_route=\/wp\/v2\/pages"}],"about":[{"href":"https:\/\/www.lamaisonduchanet.ch\/index.php?rest_route=\/wp\/v2\/types\/page"}],"author":[{"embeddable":true,"href":"https:\/\/www.lamaisonduchanet.ch\/index.php?rest_route=\/wp\/v2\/users\/1"}],"replies":[{"embeddable":true,"href":"https:\/\/www.lamaisonduchanet.ch\/index.php?rest_route=%2Fwp%2Fv2%2Fcomments&post=409"}],"version-history":[{"count":8,"href":"https:\/\/www.lamaisonduchanet.ch\/index.php?rest_route=\/wp\/v2\/pages\/409\/revisions"}],"predecessor-version":[{"id":445,"href":"https:\/\/www.lamaisonduchanet.ch\/index.php?rest_route=\/wp\/v2\/pages\/409\/revisions\/445"}],"wp:attachment":[{"href":"https:\/\/www.lamaisonduchanet.ch\/index.php?rest_route=%2Fwp%2Fv2%2Fmedia&parent=409"}],"curies":[{"name":"wp","href":"https:\/\/api.w.org\/{rel}","templated":true}]}}