{"id":368,"date":"2024-01-12T16:19:12","date_gmt":"2024-01-12T15:19:12","guid":{"rendered":"https:\/\/www.lamaisonduchanet.ch\/?page_id=368"},"modified":"2024-06-26T14:17:45","modified_gmt":"2024-06-26T12:17:45","slug":"nos-fiertes","status":"publish","type":"page","link":"https:\/\/www.lamaisonduchanet.ch\/?page_id=368","title":{"rendered":"Nous sommes fi\u00e8re \/   \nwir sind stolz"},"content":{"rendered":"\n<h3 class=\"wp-block-heading alignwide\">Port\u00e9e \u00ab\u00a0C\u00a0\u00bb<\/h3>\n\n\n\n<div class=\"wp-block-columns is-layout-flex wp-container-core-columns-is-layout-28f84493 wp-block-columns-is-layout-flex\">\n<div class=\"wp-block-column is-layout-flow wp-block-column-is-layout-flow\" style=\"flex-basis:100%\">\n<p class=\"has-text-align-left has-x-large-font-size\"><strong>2024<\/strong><\/p>\n<\/div>\n<\/div>\n\n\n\n<p><strong>Collin &#8211; Momo<\/strong> est \u00e0 5 mois d\u00e9j\u00e0 un pro de la recherche de truffes, avec sa patronne et son copain Loupi ils courent les for\u00eats et malgr\u00e9 la saison pass\u00e9e, le petit Momo a trouv\u00e9 a lui tout seul 2 belles truffes. Bravo Momo <\/p>\n\n\n\n<figure class=\"wp-block-image size-large is-resized\"><img loading=\"lazy\" decoding=\"async\" width=\"768\" height=\"1024\" src=\"http:\/\/www.lamaisonduchanet.ch\/wp-content\/uploads\/2024\/01\/momo-et-les-truffes-768x1024.jpg\" alt=\"\" class=\"wp-image-425\" style=\"width:290px;height:auto\" srcset=\"https:\/\/www.lamaisonduchanet.ch\/wp-content\/uploads\/2024\/01\/momo-et-les-truffes-768x1024.jpg 768w, https:\/\/www.lamaisonduchanet.ch\/wp-content\/uploads\/2024\/01\/momo-et-les-truffes-225x300.jpg 225w, https:\/\/www.lamaisonduchanet.ch\/wp-content\/uploads\/2024\/01\/momo-et-les-truffes-1152x1536.jpg 1152w, https:\/\/www.lamaisonduchanet.ch\/wp-content\/uploads\/2024\/01\/momo-et-les-truffes-1536x2048.jpg 1536w, https:\/\/www.lamaisonduchanet.ch\/wp-content\/uploads\/2024\/01\/momo-et-les-truffes-scaled.jpg 1920w\" sizes=\"auto, (max-width: 768px) 100vw, 768px\" \/><\/figure>\n\n\n\n<p><\/p>\n\n\n\n<h3 class=\"wp-block-heading alignwide\" id=\"we-re-a-studio-in-berlin-with-an-international-practice-in-architecture-urban-planning-and-interior-design-we-believe-in-sharing-knowledge-and-promoting-dialogue-to-increase-the-creative-potential-of-collaboration\" style=\"font-size:48px;line-height:1.1\">Port\u00e9e \u00ab\u00a0B\u00a0\u00bb<\/h3>\n\n\n\n<p class=\"has-x-large-font-size\"><strong>2024<\/strong><\/p>\n\n\n\n<p class=\"has-medium-font-size\"><strong>Barat<\/strong>  <br>Lors des premiers jours de l&rsquo;\u00e9t\u00e9 il est devenu Papa de 7 magnifiques chiots, leur Maman Aubina se porte bien.<br>Notre Abi d&rsquo;Alf\u00e9e des M\u00e9sanges est de surcro\u00eet grand-maman. <br>Nous leurs souhaitons une belle et longue vie. <\/p>\n\n\n\n<figure class=\"wp-block-gallery has-nested-images columns-default is-cropped wp-block-gallery-1 is-layout-flex wp-block-gallery-is-layout-flex\">\n<figure class=\"wp-block-image size-large\"><img loading=\"lazy\" decoding=\"async\" width=\"768\" height=\"1024\" data-id=\"497\" src=\"https:\/\/www.lamaisonduchanet.ch\/wp-content\/uploads\/2024\/06\/IMG_2218-768x1024.jpg\" alt=\"\" class=\"wp-image-497\" srcset=\"https:\/\/www.lamaisonduchanet.ch\/wp-content\/uploads\/2024\/06\/IMG_2218-768x1024.jpg 768w, https:\/\/www.lamaisonduchanet.ch\/wp-content\/uploads\/2024\/06\/IMG_2218-225x300.jpg 225w, https:\/\/www.lamaisonduchanet.ch\/wp-content\/uploads\/2024\/06\/IMG_2218-1152x1536.jpg 1152w, https:\/\/www.lamaisonduchanet.ch\/wp-content\/uploads\/2024\/06\/IMG_2218.jpg 1284w\" sizes=\"auto, (max-width: 768px) 100vw, 768px\" \/><\/figure>\n\n\n\n<figure class=\"wp-block-image size-large\"><img loading=\"lazy\" decoding=\"async\" width=\"1024\" height=\"716\" data-id=\"498\" src=\"https:\/\/www.lamaisonduchanet.ch\/wp-content\/uploads\/2024\/06\/IMG_2219-1024x716.jpg\" alt=\"\" class=\"wp-image-498\" srcset=\"https:\/\/www.lamaisonduchanet.ch\/wp-content\/uploads\/2024\/06\/IMG_2219-1024x716.jpg 1024w, https:\/\/www.lamaisonduchanet.ch\/wp-content\/uploads\/2024\/06\/IMG_2219-300x210.jpg 300w, https:\/\/www.lamaisonduchanet.ch\/wp-content\/uploads\/2024\/06\/IMG_2219-768x537.jpg 768w, https:\/\/www.lamaisonduchanet.ch\/wp-content\/uploads\/2024\/06\/IMG_2219.jpg 1284w\" sizes=\"auto, (max-width: 1024px) 100vw, 1024px\" \/><\/figure>\n<\/figure>\n\n\n\n<p><\/p>\n\n\n\n<p><strong>Barat<\/strong>, n\u00e9 le 2 juillet 2022, il vit au USA \u00e0 Atlanta, Janvier 2024 il a eu son premier BOB, sa propri\u00e9taire, \u00e9galement \u00e9leveuse aime les expositions.<\/p>\n\n\n\n<figure class=\"wp-block-image alignleft size-large is-resized\"><img decoding=\"async\" src=\"https:\/\/www.lamaisonduchanet.ch\/wp-content\/uploads\/2024\/01\/01_Barat-en-expo-1-2-819x1024.jpg\" alt=\"\" class=\"wp-image-380\" style=\"width:350px;height:auto\"\/><\/figure>\n\n\n\n<div class=\"wp-block-columns are-vertically-aligned-center is-layout-flex wp-container-core-columns-is-layout-28f84493 wp-block-columns-is-layout-flex\">\n<div class=\"wp-block-column is-vertically-aligned-center is-layout-flow wp-block-column-is-layout-flow\" style=\"flex-basis:100%\">\n<figure class=\"wp-block-gallery alignright has-nested-images columns-default is-cropped wp-block-gallery-2 is-layout-flex wp-block-gallery-is-layout-flex\">\n<figure class=\"wp-block-image size-large\"><img decoding=\"async\" data-id=\"379\" src=\"https:\/\/www.lamaisonduchanet.ch\/wp-content\/uploads\/2024\/01\/03_Barat-en-expo-1-1024x819.jpg\" alt=\"\" class=\"wp-image-379\"\/><\/figure>\n<\/figure>\n<\/div>\n<\/div>\n\n\n\n<div class=\"wp-block-group is-nowrap is-layout-flex wp-container-core-group-is-layout-6c531013 wp-block-group-is-layout-flex\">\n<figure class=\"wp-block-image aligncenter size-large is-resized\"><img loading=\"lazy\" decoding=\"async\" width=\"1024\" height=\"819\" src=\"https:\/\/www.lamaisonduchanet.ch\/wp-content\/uploads\/2024\/01\/02-Barat-en-expo-2-1024x819.jpg\" alt=\"\" class=\"wp-image-378\" style=\"width:409px;height:auto\" srcset=\"https:\/\/www.lamaisonduchanet.ch\/wp-content\/uploads\/2024\/01\/02-Barat-en-expo-2-1024x819.jpg 1024w, https:\/\/www.lamaisonduchanet.ch\/wp-content\/uploads\/2024\/01\/02-Barat-en-expo-2-300x240.jpg 300w, https:\/\/www.lamaisonduchanet.ch\/wp-content\/uploads\/2024\/01\/02-Barat-en-expo-2-768x614.jpg 768w, https:\/\/www.lamaisonduchanet.ch\/wp-content\/uploads\/2024\/01\/02-Barat-en-expo-2.jpg 1290w\" sizes=\"auto, (max-width: 1024px) 100vw, 1024px\" \/><\/figure>\n\n\n\n<p><\/p>\n<\/div>\n\n\n\n<p><\/p>\n\n\n\n<p class=\"has-x-large-font-size\"><strong>2023<\/strong><\/p>\n\n\n\n<h3 class=\"wp-block-heading\">Port\u00e9e \u00ab\u00a0A\u00a0\u00bb<\/h3>\n\n\n\n<p><strong>Archie<\/strong>, n\u00e9 le 26 octobre 2020 a pass\u00e9 les examens d&rsquo;aptitude<br> \u00e0 l&rsquo;\u00e9levage comme \u00e9talon<\/p>\n\n\n\n<p><\/p>\n\n\n\n<figure class=\"wp-block-image size-large is-resized\"><img loading=\"lazy\" decoding=\"async\" width=\"1024\" height=\"768\" src=\"https:\/\/www.lamaisonduchanet.ch\/wp-content\/uploads\/2024\/01\/00_Archie-1-1024x768.jpg\" alt=\"\" class=\"wp-image-383\" style=\"width:347px;height:auto\" srcset=\"https:\/\/www.lamaisonduchanet.ch\/wp-content\/uploads\/2024\/01\/00_Archie-1-1024x768.jpg 1024w, https:\/\/www.lamaisonduchanet.ch\/wp-content\/uploads\/2024\/01\/00_Archie-1-300x225.jpg 300w, https:\/\/www.lamaisonduchanet.ch\/wp-content\/uploads\/2024\/01\/00_Archie-1-768x576.jpg 768w, https:\/\/www.lamaisonduchanet.ch\/wp-content\/uploads\/2024\/01\/00_Archie-1-1536x1152.jpg 1536w, https:\/\/www.lamaisonduchanet.ch\/wp-content\/uploads\/2024\/01\/00_Archie-1.jpg 2000w\" sizes=\"auto, (max-width: 1024px) 100vw, 1024px\" \/><\/figure>\n","protected":false},"excerpt":{"rendered":"<p>Port\u00e9e \u00ab\u00a0C\u00a0\u00bb 2024 Collin &#8211; Momo est \u00e0 5 mois d\u00e9j\u00e0 un pro de la recherche de truffes, avec sa patronne et son copain Loupi ils courent les for\u00eats et malgr\u00e9 la saison pass\u00e9e, le petit Momo a trouv\u00e9 a lui tout seul 2 belles truffes. Bravo Momo Port\u00e9e \u00ab\u00a0B\u00a0\u00bb 2024 Barat Lors des premiers [&hellip;]<\/p>\n","protected":false},"author":1,"featured_media":0,"parent":0,"menu_order":7,"comment_status":"closed","ping_status":"closed","template":"","meta":{"footnotes":""},"class_list":["post-368","page","type-page","status-publish","hentry"],"_links":{"self":[{"href":"https:\/\/www.lamaisonduchanet.ch\/index.php?rest_route=\/wp\/v2\/pages\/368","targetHints":{"allow":["GET"]}}],"collection":[{"href":"https:\/\/www.lamaisonduchanet.ch\/index.php?rest_route=\/wp\/v2\/pages"}],"about":[{"href":"https:\/\/www.lamaisonduchanet.ch\/index.php?rest_route=\/wp\/v2\/types\/page"}],"author":[{"embeddable":true,"href":"https:\/\/www.lamaisonduchanet.ch\/index.php?rest_route=\/wp\/v2\/users\/1"}],"replies":[{"embeddable":true,"href":"https:\/\/www.lamaisonduchanet.ch\/index.php?rest_route=%2Fwp%2Fv2%2Fcomments&post=368"}],"version-history":[{"count":24,"href":"https:\/\/www.lamaisonduchanet.ch\/index.php?rest_route=\/wp\/v2\/pages\/368\/revisions"}],"predecessor-version":[{"id":501,"href":"https:\/\/www.lamaisonduchanet.ch\/index.php?rest_route=\/wp\/v2\/pages\/368\/revisions\/501"}],"wp:attachment":[{"href":"https:\/\/www.lamaisonduchanet.ch\/index.php?rest_route=%2Fwp%2Fv2%2Fmedia&parent=368"}],"curies":[{"name":"wp","href":"https:\/\/api.w.org\/{rel}","templated":true}]}}