{"id":232,"date":"2023-09-23T15:27:35","date_gmt":"2023-09-23T13:27:35","guid":{"rendered":"https:\/\/www.lamaisonduchanet.ch\/?page_id=232"},"modified":"2025-05-05T15:48:50","modified_gmt":"2025-05-05T13:48:50","slug":"donnees-de-lelevage","status":"publish","type":"page","link":"https:\/\/www.lamaisonduchanet.ch\/?page_id=232","title":{"rendered":"Donn\u00e9es de l&rsquo;\u00e9levage et acc\u00e8s  \/                          Zucht angaben und Ankunft"},"content":{"rendered":"\n<p><\/p>\n\n\n\n<div class=\"wp-block-group is-layout-constrained wp-block-group-is-layout-constrained\">\n<div class=\"wp-block-columns is-layout-flex wp-container-core-columns-is-layout-28f84493 wp-block-columns-is-layout-flex\">\n<div class=\"wp-block-column is-layout-flow wp-block-column-is-layout-flow\" style=\"flex-basis:100%\">\n<h2 class=\"wp-block-heading has-foreground-color has-text-color has-medium-font-size\"><em><mark style=\"background-color:rgba(0, 0, 0, 0)\" class=\"has-inline-color has-foreground-color\"><strong>Ursula Marchand<br>La Maison du Chanet<br>Elevage de Barbet,<br>La Roche Queune 244<br>2314 La Sagne<\/strong><\/mark><\/em><\/h2>\n\n\n\n<figure class=\"wp-block-image alignright size-full is-resized\"><img loading=\"lazy\" decoding=\"async\" width=\"640\" height=\"427\" src=\"http:\/\/www.lamaisonduchanet.ch\/wp-content\/uploads\/2023\/09\/4836c1d5-9c8d-4527-a6a5-bbe58af3b7d8.jpg\" alt=\"\" class=\"wp-image-268\" style=\"width:326px;height:217px\" srcset=\"https:\/\/www.lamaisonduchanet.ch\/wp-content\/uploads\/2023\/09\/4836c1d5-9c8d-4527-a6a5-bbe58af3b7d8.jpg 640w, https:\/\/www.lamaisonduchanet.ch\/wp-content\/uploads\/2023\/09\/4836c1d5-9c8d-4527-a6a5-bbe58af3b7d8-300x200.jpg 300w\" sizes=\"auto, (max-width: 640px) 100vw, 640px\" \/><\/figure>\n<\/div>\n<\/div>\n<\/div>\n\n\n\n<p><\/p>\n\n\n\n<h2 class=\"wp-block-heading has-medium-font-size\">Mail    <a href=\"mailto:ursula.marchand@me.com\">ursula.marchand@me.com<\/a><\/h2>\n\n\n\n<p>Mobile:  +41 79 727 18 88<\/p>\n\n\n\n<p class=\"has-text-align-right\"><br><\/p>\n\n\n\n<figure class=\"wp-block-image alignright size-full\"><img loading=\"lazy\" decoding=\"async\" width=\"398\" height=\"640\" src=\"https:\/\/www.lamaisonduchanet.ch\/wp-content\/uploads\/2023\/09\/carte-dacces.jpg\" alt=\"\" class=\"wp-image-251\" srcset=\"https:\/\/www.lamaisonduchanet.ch\/wp-content\/uploads\/2023\/09\/carte-dacces.jpg 398w, https:\/\/www.lamaisonduchanet.ch\/wp-content\/uploads\/2023\/09\/carte-dacces-187x300.jpg 187w\" sizes=\"auto, (max-width: 398px) 100vw, 398px\" \/><\/figure>\n\n\n\n<p class=\"has-medium-font-size\"><br><br><br><strong><em>Acc\u00e8s:<\/em><\/strong><br><br>Nous sommes situ\u00e9 dans une r\u00e9gion agricole du jura neuch\u00e2telois.<br>Pour arriver chez nous, depuis Neuch\u00e2tel, prendre l&rsquo;autoroute direction la Chaux-de-Fonds, via le tunnel de la Vue des Alpes.<br>Sortie du tunnel au rond point prendre la 4\u00e8me sortie, apr\u00e8s 50 m tourner \u00e0 droite direction <strong>Les Roulet<\/strong>, tous droit sur 5 km, sortie de la foret apr\u00e8s le \u00ab\u00a0Bovistop\u00a0\u00bb prendre directement \u00e0 droite sur le chemin forestier (Priv\u00e9) sur 300m, vous \u00eates arriv\u00e9.<\/p>\n\n\n\n<p><br><br><br><br><br><br><strong><em>Streke<\/em><\/strong> :<br><br><em>Wir befinden uns in einer landwirtschaftlichen Region im Neuenburger Jura.<br>Um zu uns zu gelangen, nehmen Sie von Neuch\u00e2tel aus die Autobahn Richtung La Chaux-de-Fonds, durch den Vue-des-Alpes-Tunnel.<br>Nach 50 m rechts abbiegen Richtung Les Roulet, 5 km geradeaus, nach dem \u00ab\u00a0Bovistop\u00a0\u00bb direkt rechts auf den Waldweg abbiegen, (Priv\u00e9) 300 m weiterfahren, Sie sind angekommen.<\/em><\/p>\n","protected":false},"excerpt":{"rendered":"<p>Ursula MarchandLa Maison du ChanetElevage de Barbet,La Roche Queune 2442314 La Sagne Mail ursula.marchand@me.com Mobile: +41 79 727 18 88 Acc\u00e8s: Nous sommes situ\u00e9 dans une r\u00e9gion agricole du jura neuch\u00e2telois.Pour arriver chez nous, depuis Neuch\u00e2tel, prendre l&rsquo;autoroute direction la Chaux-de-Fonds, via le tunnel de la Vue des Alpes.Sortie du tunnel au rond point prendre [&hellip;]<\/p>\n","protected":false},"author":1,"featured_media":0,"parent":0,"menu_order":6,"comment_status":"closed","ping_status":"closed","template":"","meta":{"footnotes":""},"class_list":["post-232","page","type-page","status-publish","hentry"],"_links":{"self":[{"href":"https:\/\/www.lamaisonduchanet.ch\/index.php?rest_route=\/wp\/v2\/pages\/232","targetHints":{"allow":["GET"]}}],"collection":[{"href":"https:\/\/www.lamaisonduchanet.ch\/index.php?rest_route=\/wp\/v2\/pages"}],"about":[{"href":"https:\/\/www.lamaisonduchanet.ch\/index.php?rest_route=\/wp\/v2\/types\/page"}],"author":[{"embeddable":true,"href":"https:\/\/www.lamaisonduchanet.ch\/index.php?rest_route=\/wp\/v2\/users\/1"}],"replies":[{"embeddable":true,"href":"https:\/\/www.lamaisonduchanet.ch\/index.php?rest_route=%2Fwp%2Fv2%2Fcomments&post=232"}],"version-history":[{"count":22,"href":"https:\/\/www.lamaisonduchanet.ch\/index.php?rest_route=\/wp\/v2\/pages\/232\/revisions"}],"predecessor-version":[{"id":605,"href":"https:\/\/www.lamaisonduchanet.ch\/index.php?rest_route=\/wp\/v2\/pages\/232\/revisions\/605"}],"wp:attachment":[{"href":"https:\/\/www.lamaisonduchanet.ch\/index.php?rest_route=%2Fwp%2Fv2%2Fmedia&parent=232"}],"curies":[{"name":"wp","href":"https:\/\/api.w.org\/{rel}","templated":true}]}}