{"id":206,"date":"2023-09-20T19:30:21","date_gmt":"2023-09-20T17:30:21","guid":{"rendered":"https:\/\/www.lamaisonduchanet.ch\/?page_id=206"},"modified":"2026-04-10T10:14:57","modified_gmt":"2026-04-10T08:14:57","slug":"portrait-individuel","status":"publish","type":"page","link":"https:\/\/www.lamaisonduchanet.ch\/?page_id=206","title":{"rendered":"Portrait individuel des disponibles"},"content":{"rendered":"\n<p>\u00c0 ce jour, aucun chiot de la port\u00e9e&nbsp;<strong>\u00ab\u00a0E\u00a0\u00bb<\/strong>&nbsp;n\u2019a encore \u00e9t\u00e9 r\u00e9serv\u00e9 de mani\u00e8re d\u00e9finitive. L\u2019attribution sera officialis\u00e9e apr\u00e8s le&nbsp;<strong>17 juillet<\/strong>, date \u00e0 laquelle l\u2019association pour chiens d\u2019assistance aura finalis\u00e9 ses choix.<\/p>\n\n\n\n<p>Vous \u00eates toutefois libre de prendre contact d\u00e8s maintenant. Apr\u00e8s votre visite, n\u2019h\u00e9sitez pas \u00e0 me faire part de votre pr\u00e9f\u00e9rence. Je serai alors en mesure de vous informer d\u00e8s que possible de l\u2019\u00e9volution de la r\u00e9partition.<\/p>\n\n\n\n<p>Je reste \u00e0 votre disposition pour r\u00e9pondre \u00e0 vos questions et vous aider dans votre d\u00e9marche.<\/p>\n\n\n\n<h2 class=\"wp-block-heading has-text-align-left has-small-font-size\">Bisher wurde noch kein Welpe aus dem \u201eE\u201c-Wurf endg\u00fcltig reserviert. Die Zuteilung wird nach dem 17. Juli offiziell bekannt gegeben, wenn der Verein f\u00fcr Assistenzhunde seine Auswahl abgeschlossen hat.<\/h2>\n\n\n\n<h2 class=\"wp-block-heading has-text-align-left has-small-font-size\">Es steht Ihnen jedoch frei, bereits jetzt Kontakt aufzunehmen. Nach Ihrem Besuch k\u00f6nnen Sie mir gerne Ihre Pr\u00e4ferenz mitteilen. Ich werde Sie dann so bald wie m\u00f6glich \u00fcber die weitere Verteilung informieren k\u00f6nnen.<\/h2>\n\n\n\n<h2 class=\"wp-block-heading has-text-align-left has-small-font-size\">Ich stehe Ihnen jederzeit zur Verf\u00fcgung, um Ihre Fragen zu beantworten und Ihnen bei Ihrem Vorhaben zu helfen.<\/h2>\n\n\n\n<figure class=\"wp-block-image aligncenter size-medium\"><img loading=\"lazy\" decoding=\"async\" width=\"257\" height=\"300\" src=\"https:\/\/www.lamaisonduchanet.ch\/wp-content\/uploads\/2024\/07\/vectorstock_43176399-257x300.png\" alt=\"\" class=\"wp-image-511\" srcset=\"https:\/\/www.lamaisonduchanet.ch\/wp-content\/uploads\/2024\/07\/vectorstock_43176399-257x300.png 257w, https:\/\/www.lamaisonduchanet.ch\/wp-content\/uploads\/2024\/07\/vectorstock_43176399-878x1024.png 878w, https:\/\/www.lamaisonduchanet.ch\/wp-content\/uploads\/2024\/07\/vectorstock_43176399-768x896.png 768w, https:\/\/www.lamaisonduchanet.ch\/wp-content\/uploads\/2024\/07\/vectorstock_43176399-1316x1536.png 1316w, https:\/\/www.lamaisonduchanet.ch\/wp-content\/uploads\/2024\/07\/vectorstock_43176399-1755x2048.png 1755w\" sizes=\"auto, (max-width: 257px) 100vw, 257px\" \/><\/figure>\n\n\n\n<p>Port\u00e9e \u00ab\u00a0C\u00a0\u00bb Wurf<br><\/p>\n\n\n\n<figure class=\"wp-block-image size-full\"><img loading=\"lazy\" decoding=\"async\" width=\"938\" height=\"388\" src=\"https:\/\/www.lamaisonduchanet.ch\/wp-content\/uploads\/2023\/12\/image.png\" alt=\"\" class=\"wp-image-338\" srcset=\"https:\/\/www.lamaisonduchanet.ch\/wp-content\/uploads\/2023\/12\/image.png 938w, https:\/\/www.lamaisonduchanet.ch\/wp-content\/uploads\/2023\/12\/image-300x124.png 300w, https:\/\/www.lamaisonduchanet.ch\/wp-content\/uploads\/2023\/12\/image-768x318.png 768w\" sizes=\"auto, (max-width: 938px) 100vw, 938px\" \/><\/figure>\n\n\n\n<figure class=\"wp-block-image size-full is-resized\"><img loading=\"lazy\" decoding=\"async\" width=\"349\" height=\"52\" src=\"https:\/\/www.lamaisonduchanet.ch\/wp-content\/uploads\/2023\/12\/image-1.png\" alt=\"\" class=\"wp-image-340\" style=\"width:615px;height:auto\" srcset=\"https:\/\/www.lamaisonduchanet.ch\/wp-content\/uploads\/2023\/12\/image-1.png 349w, https:\/\/www.lamaisonduchanet.ch\/wp-content\/uploads\/2023\/12\/image-1-300x45.png 300w\" sizes=\"auto, (max-width: 349px) 100vw, 349px\" \/><\/figure>\n\n\n\n<figure class=\"wp-block-gallery has-nested-images columns-default is-cropped wp-block-gallery-1 is-layout-flex wp-block-gallery-is-layout-flex\"><\/figure>\n\n\n\n<p><\/p>\n","protected":false},"excerpt":{"rendered":"<p>\u00c0 ce jour, aucun chiot de la port\u00e9e&nbsp;\u00ab\u00a0E\u00a0\u00bb&nbsp;n\u2019a encore \u00e9t\u00e9 r\u00e9serv\u00e9 de mani\u00e8re d\u00e9finitive. L\u2019attribution sera officialis\u00e9e apr\u00e8s le&nbsp;17 juillet, date \u00e0 laquelle l\u2019association pour chiens d\u2019assistance aura finalis\u00e9 ses choix. Vous \u00eates toutefois libre de prendre contact d\u00e8s maintenant. Apr\u00e8s votre visite, n\u2019h\u00e9sitez pas \u00e0 me faire part de votre pr\u00e9f\u00e9rence. Je serai alors [&hellip;]<\/p>\n","protected":false},"author":1,"featured_media":0,"parent":0,"menu_order":5,"comment_status":"closed","ping_status":"closed","template":"","meta":{"footnotes":""},"class_list":["post-206","page","type-page","status-publish","hentry"],"_links":{"self":[{"href":"https:\/\/www.lamaisonduchanet.ch\/index.php?rest_route=\/wp\/v2\/pages\/206","targetHints":{"allow":["GET"]}}],"collection":[{"href":"https:\/\/www.lamaisonduchanet.ch\/index.php?rest_route=\/wp\/v2\/pages"}],"about":[{"href":"https:\/\/www.lamaisonduchanet.ch\/index.php?rest_route=\/wp\/v2\/types\/page"}],"author":[{"embeddable":true,"href":"https:\/\/www.lamaisonduchanet.ch\/index.php?rest_route=\/wp\/v2\/users\/1"}],"replies":[{"embeddable":true,"href":"https:\/\/www.lamaisonduchanet.ch\/index.php?rest_route=%2Fwp%2Fv2%2Fcomments&post=206"}],"version-history":[{"count":20,"href":"https:\/\/www.lamaisonduchanet.ch\/index.php?rest_route=\/wp\/v2\/pages\/206\/revisions"}],"predecessor-version":[{"id":693,"href":"https:\/\/www.lamaisonduchanet.ch\/index.php?rest_route=\/wp\/v2\/pages\/206\/revisions\/693"}],"wp:attachment":[{"href":"https:\/\/www.lamaisonduchanet.ch\/index.php?rest_route=%2Fwp%2Fv2%2Fmedia&parent=206"}],"curies":[{"name":"wp","href":"https:\/\/api.w.org\/{rel}","templated":true}]}}