{"id":198,"date":"2023-09-20T19:14:10","date_gmt":"2023-09-20T17:14:10","guid":{"rendered":"https:\/\/www.lamaisonduchanet.ch\/?page_id=198"},"modified":"2026-04-10T10:35:46","modified_gmt":"2026-04-10T08:35:46","slug":"nos-portraits","status":"publish","type":"page","link":"https:\/\/www.lamaisonduchanet.ch\/?page_id=198","title":{"rendered":"Port\u00e9e  \u00ab\u00a0C\u00a0\u00bb  Wurf"},"content":{"rendered":"\n<div class=\"wp-block-buttons alignfull is-content-justification-right is-layout-flex wp-container-core-buttons-is-layout-d445cf74 wp-block-buttons-is-layout-flex\">\n<div class=\"wp-block-button\"><a class=\"wp-block-button__link wp-element-button\">2023<\/a><\/div>\n<\/div>\n\n\n\n<div class=\"wp-block-columns is-layout-flex wp-container-core-columns-is-layout-28f84493 wp-block-columns-is-layout-flex\">\n<div class=\"wp-block-column is-layout-flow wp-block-column-is-layout-flow\" style=\"flex-basis:100%\">\n<figure class=\"wp-block-image alignfull size-large\"><img loading=\"lazy\" decoding=\"async\" width=\"1024\" height=\"683\" src=\"http:\/\/www.lamaisonduchanet.ch\/wp-content\/uploads\/2023\/09\/DSC02013-1024x683.jpg\" alt=\"\" class=\"wp-image-201\" srcset=\"https:\/\/www.lamaisonduchanet.ch\/wp-content\/uploads\/2023\/09\/DSC02013-1024x683.jpg 1024w, https:\/\/www.lamaisonduchanet.ch\/wp-content\/uploads\/2023\/09\/DSC02013-300x200.jpg 300w, https:\/\/www.lamaisonduchanet.ch\/wp-content\/uploads\/2023\/09\/DSC02013-768x512.jpg 768w, https:\/\/www.lamaisonduchanet.ch\/wp-content\/uploads\/2023\/09\/DSC02013-1536x1024.jpg 1536w, https:\/\/www.lamaisonduchanet.ch\/wp-content\/uploads\/2023\/09\/DSC02013-2048x1365.jpg 2048w\" sizes=\"auto, (max-width: 1024px) 100vw, 1024px\" \/><\/figure>\n<\/div>\n<\/div>\n\n\n\n<figure class=\"wp-block-gallery has-nested-images columns-default is-cropped wp-block-gallery-1 is-layout-flex wp-block-gallery-is-layout-flex\">\n<figure class=\"wp-block-image size-large\"><img loading=\"lazy\" decoding=\"async\" width=\"1024\" height=\"683\" data-id=\"203\" src=\"https:\/\/www.lamaisonduchanet.ch\/wp-content\/uploads\/2023\/09\/DSC02007-1024x683.jpg\" alt=\"\" class=\"wp-image-203\" srcset=\"https:\/\/www.lamaisonduchanet.ch\/wp-content\/uploads\/2023\/09\/DSC02007-1024x683.jpg 1024w, https:\/\/www.lamaisonduchanet.ch\/wp-content\/uploads\/2023\/09\/DSC02007-300x200.jpg 300w, https:\/\/www.lamaisonduchanet.ch\/wp-content\/uploads\/2023\/09\/DSC02007-768x512.jpg 768w, https:\/\/www.lamaisonduchanet.ch\/wp-content\/uploads\/2023\/09\/DSC02007-1536x1024.jpg 1536w, https:\/\/www.lamaisonduchanet.ch\/wp-content\/uploads\/2023\/09\/DSC02007-2048x1365.jpg 2048w\" sizes=\"auto, (max-width: 1024px) 100vw, 1024px\" \/><\/figure>\n\n\n\n<figure class=\"wp-block-image size-large\"><img loading=\"lazy\" decoding=\"async\" width=\"1024\" height=\"683\" data-id=\"202\" src=\"https:\/\/www.lamaisonduchanet.ch\/wp-content\/uploads\/2023\/09\/DSC02002-1024x683.jpg\" alt=\"\" class=\"wp-image-202\" srcset=\"https:\/\/www.lamaisonduchanet.ch\/wp-content\/uploads\/2023\/09\/DSC02002-1024x683.jpg 1024w, https:\/\/www.lamaisonduchanet.ch\/wp-content\/uploads\/2023\/09\/DSC02002-300x200.jpg 300w, https:\/\/www.lamaisonduchanet.ch\/wp-content\/uploads\/2023\/09\/DSC02002-768x512.jpg 768w, https:\/\/www.lamaisonduchanet.ch\/wp-content\/uploads\/2023\/09\/DSC02002-1536x1024.jpg 1536w, https:\/\/www.lamaisonduchanet.ch\/wp-content\/uploads\/2023\/09\/DSC02002-2048x1365.jpg 2048w\" sizes=\"auto, (max-width: 1024px) 100vw, 1024px\" \/><\/figure>\n\n\n\n<figure class=\"wp-block-image size-large\"><img loading=\"lazy\" decoding=\"async\" width=\"1024\" height=\"683\" data-id=\"201\" src=\"https:\/\/www.lamaisonduchanet.ch\/wp-content\/uploads\/2023\/09\/DSC02013-1024x683.jpg\" alt=\"\" class=\"wp-image-201\" srcset=\"https:\/\/www.lamaisonduchanet.ch\/wp-content\/uploads\/2023\/09\/DSC02013-1024x683.jpg 1024w, https:\/\/www.lamaisonduchanet.ch\/wp-content\/uploads\/2023\/09\/DSC02013-300x200.jpg 300w, https:\/\/www.lamaisonduchanet.ch\/wp-content\/uploads\/2023\/09\/DSC02013-768x512.jpg 768w, https:\/\/www.lamaisonduchanet.ch\/wp-content\/uploads\/2023\/09\/DSC02013-1536x1024.jpg 1536w, https:\/\/www.lamaisonduchanet.ch\/wp-content\/uploads\/2023\/09\/DSC02013-2048x1365.jpg 2048w\" sizes=\"auto, (max-width: 1024px) 100vw, 1024px\" \/><\/figure>\n\n\n\n<figure class=\"wp-block-image size-large\"><img loading=\"lazy\" decoding=\"async\" width=\"1024\" height=\"683\" data-id=\"200\" src=\"https:\/\/www.lamaisonduchanet.ch\/wp-content\/uploads\/2023\/09\/DSC02031-1024x683.jpg\" alt=\"\" class=\"wp-image-200\" srcset=\"https:\/\/www.lamaisonduchanet.ch\/wp-content\/uploads\/2023\/09\/DSC02031-1024x683.jpg 1024w, https:\/\/www.lamaisonduchanet.ch\/wp-content\/uploads\/2023\/09\/DSC02031-300x200.jpg 300w, https:\/\/www.lamaisonduchanet.ch\/wp-content\/uploads\/2023\/09\/DSC02031-768x512.jpg 768w, https:\/\/www.lamaisonduchanet.ch\/wp-content\/uploads\/2023\/09\/DSC02031-1536x1024.jpg 1536w, https:\/\/www.lamaisonduchanet.ch\/wp-content\/uploads\/2023\/09\/DSC02031-2048x1365.jpg 2048w\" sizes=\"auto, (max-width: 1024px) 100vw, 1024px\" \/><\/figure>\n<\/figure>\n\n\n\n<p><br><em><strong>apr\u00e8s le jeu, c&rsquo;est le repos<\/strong> <\/em><\/p>\n\n\n\n<figure class=\"wp-block-gallery has-nested-images columns-default is-cropped wp-block-gallery-2 is-layout-flex wp-block-gallery-is-layout-flex\">\n<figure class=\"wp-block-image size-large\"><img loading=\"lazy\" decoding=\"async\" width=\"1024\" height=\"683\" data-id=\"204\" src=\"https:\/\/www.lamaisonduchanet.ch\/wp-content\/uploads\/2023\/09\/DSC01989-1024x683.jpg\" alt=\"\" class=\"wp-image-204\" srcset=\"https:\/\/www.lamaisonduchanet.ch\/wp-content\/uploads\/2023\/09\/DSC01989-1024x683.jpg 1024w, https:\/\/www.lamaisonduchanet.ch\/wp-content\/uploads\/2023\/09\/DSC01989-300x200.jpg 300w, https:\/\/www.lamaisonduchanet.ch\/wp-content\/uploads\/2023\/09\/DSC01989-768x512.jpg 768w, https:\/\/www.lamaisonduchanet.ch\/wp-content\/uploads\/2023\/09\/DSC01989-1536x1024.jpg 1536w, https:\/\/www.lamaisonduchanet.ch\/wp-content\/uploads\/2023\/09\/DSC01989-2048x1365.jpg 2048w\" sizes=\"auto, (max-width: 1024px) 100vw, 1024px\" \/><\/figure>\n<\/figure>\n\n\n\n<p><em><strong>Une belle famille<\/strong><\/em><\/p>\n\n\n\n<figure class=\"wp-block-gallery has-nested-images columns-default is-cropped wp-block-gallery-3 is-layout-flex wp-block-gallery-is-layout-flex\">\n<figure class=\"wp-block-image size-large\"><img loading=\"lazy\" decoding=\"async\" width=\"480\" height=\"640\" data-id=\"216\" src=\"https:\/\/www.lamaisonduchanet.ch\/wp-content\/uploads\/2023\/09\/Chips-rotated.jpg\" alt=\"\" class=\"wp-image-216\" srcset=\"https:\/\/www.lamaisonduchanet.ch\/wp-content\/uploads\/2023\/09\/Chips-rotated.jpg 480w, https:\/\/www.lamaisonduchanet.ch\/wp-content\/uploads\/2023\/09\/Chips-225x300.jpg 225w\" sizes=\"auto, (max-width: 480px) 100vw, 480px\" \/><figcaption class=\"wp-element-caption\">Chips<\/figcaption><\/figure>\n\n\n\n<figure class=\"wp-block-image size-large\"><img loading=\"lazy\" decoding=\"async\" width=\"480\" height=\"640\" data-id=\"211\" src=\"https:\/\/www.lamaisonduchanet.ch\/wp-content\/uploads\/2023\/09\/Cleo-rotated.jpg\" alt=\"\" class=\"wp-image-211\" srcset=\"https:\/\/www.lamaisonduchanet.ch\/wp-content\/uploads\/2023\/09\/Cleo-rotated.jpg 480w, https:\/\/www.lamaisonduchanet.ch\/wp-content\/uploads\/2023\/09\/Cleo-225x300.jpg 225w\" sizes=\"auto, (max-width: 480px) 100vw, 480px\" \/><figcaption class=\"wp-element-caption\">Cl\u00e9oph\u00e9e<\/figcaption><\/figure>\n\n\n\n<figure class=\"wp-block-image size-large\"><img loading=\"lazy\" decoding=\"async\" width=\"480\" height=\"640\" data-id=\"210\" src=\"https:\/\/www.lamaisonduchanet.ch\/wp-content\/uploads\/2023\/09\/Calin.jpg\" alt=\"\" class=\"wp-image-210\" srcset=\"https:\/\/www.lamaisonduchanet.ch\/wp-content\/uploads\/2023\/09\/Calin.jpg 480w, https:\/\/www.lamaisonduchanet.ch\/wp-content\/uploads\/2023\/09\/Calin-225x300.jpg 225w\" sizes=\"auto, (max-width: 480px) 100vw, 480px\" \/><figcaption class=\"wp-element-caption\">Calin <\/figcaption><\/figure>\n\n\n\n<figure class=\"wp-block-image size-large\"><img loading=\"lazy\" decoding=\"async\" width=\"480\" height=\"640\" data-id=\"209\" src=\"https:\/\/www.lamaisonduchanet.ch\/wp-content\/uploads\/2023\/09\/Corky.jpg\" alt=\"\" class=\"wp-image-209\" srcset=\"https:\/\/www.lamaisonduchanet.ch\/wp-content\/uploads\/2023\/09\/Corky.jpg 480w, https:\/\/www.lamaisonduchanet.ch\/wp-content\/uploads\/2023\/09\/Corky-225x300.jpg 225w\" sizes=\"auto, (max-width: 480px) 100vw, 480px\" \/><figcaption class=\"wp-element-caption\">Corky <\/figcaption><\/figure>\n\n\n\n<figure class=\"wp-block-image size-large\"><img loading=\"lazy\" decoding=\"async\" width=\"480\" height=\"640\" data-id=\"215\" src=\"https:\/\/www.lamaisonduchanet.ch\/wp-content\/uploads\/2023\/09\/Capuccine-rotated.jpg\" alt=\"\" class=\"wp-image-215\" srcset=\"https:\/\/www.lamaisonduchanet.ch\/wp-content\/uploads\/2023\/09\/Capuccine-rotated.jpg 480w, https:\/\/www.lamaisonduchanet.ch\/wp-content\/uploads\/2023\/09\/Capuccine-225x300.jpg 225w\" sizes=\"auto, (max-width: 480px) 100vw, 480px\" \/><figcaption class=\"wp-element-caption\">Capucine<\/figcaption><\/figure>\n\n\n\n<figure class=\"wp-block-image size-large\"><img loading=\"lazy\" decoding=\"async\" width=\"480\" height=\"640\" data-id=\"214\" src=\"https:\/\/www.lamaisonduchanet.ch\/wp-content\/uploads\/2023\/09\/Collin-rotated.jpg\" alt=\"\" class=\"wp-image-214\" srcset=\"https:\/\/www.lamaisonduchanet.ch\/wp-content\/uploads\/2023\/09\/Collin-rotated.jpg 480w, https:\/\/www.lamaisonduchanet.ch\/wp-content\/uploads\/2023\/09\/Collin-225x300.jpg 225w\" sizes=\"auto, (max-width: 480px) 100vw, 480px\" \/><figcaption class=\"wp-element-caption\">Colin <\/figcaption><\/figure>\n\n\n\n<figure class=\"wp-block-image size-large\"><img loading=\"lazy\" decoding=\"async\" width=\"480\" height=\"640\" data-id=\"213\" src=\"https:\/\/www.lamaisonduchanet.ch\/wp-content\/uploads\/2023\/09\/Cini-rotated.jpg\" alt=\"\" class=\"wp-image-213\" srcset=\"https:\/\/www.lamaisonduchanet.ch\/wp-content\/uploads\/2023\/09\/Cini-rotated.jpg 480w, https:\/\/www.lamaisonduchanet.ch\/wp-content\/uploads\/2023\/09\/Cini-225x300.jpg 225w\" sizes=\"auto, (max-width: 480px) 100vw, 480px\" \/><figcaption class=\"wp-element-caption\">Cini <\/figcaption><\/figure>\n\n\n\n<figure class=\"wp-block-image size-large\"><img loading=\"lazy\" decoding=\"async\" width=\"480\" height=\"640\" data-id=\"212\" src=\"https:\/\/www.lamaisonduchanet.ch\/wp-content\/uploads\/2023\/09\/Colchique-2-rotated.jpg\" alt=\"\" class=\"wp-image-212\" srcset=\"https:\/\/www.lamaisonduchanet.ch\/wp-content\/uploads\/2023\/09\/Colchique-2-rotated.jpg 480w, https:\/\/www.lamaisonduchanet.ch\/wp-content\/uploads\/2023\/09\/Colchique-2-225x300.jpg 225w\" sizes=\"auto, (max-width: 480px) 100vw, 480px\" \/><figcaption class=\"wp-element-caption\">Colchique<\/figcaption><\/figure>\n<\/figure>\n\n\n\n<p class=\"has-text-align-center has-background-background-color has-background has-large-font-size\">Ce beau mariage nous a donn\u00e9 une belle port\u00e9e <br>8 chiots soit 5 m\u00e2les et 3 femelles<br>n\u00e9s les 3 ao\u00fbt 2023<\/p>\n\n\n\n<figure class=\"wp-block-image size-large\"><img loading=\"lazy\" decoding=\"async\" width=\"1024\" height=\"576\" src=\"http:\/\/www.lamaisonduchanet.ch\/wp-content\/uploads\/2023\/09\/c43dbfdf-4dae-4eab-9df0-6c06914bca6b-1-1024x576.jpg\" alt=\"\" class=\"wp-image-240\" srcset=\"https:\/\/www.lamaisonduchanet.ch\/wp-content\/uploads\/2023\/09\/c43dbfdf-4dae-4eab-9df0-6c06914bca6b-1-1024x576.jpg 1024w, https:\/\/www.lamaisonduchanet.ch\/wp-content\/uploads\/2023\/09\/c43dbfdf-4dae-4eab-9df0-6c06914bca6b-1-300x169.jpg 300w, https:\/\/www.lamaisonduchanet.ch\/wp-content\/uploads\/2023\/09\/c43dbfdf-4dae-4eab-9df0-6c06914bca6b-1-768x432.jpg 768w, https:\/\/www.lamaisonduchanet.ch\/wp-content\/uploads\/2023\/09\/c43dbfdf-4dae-4eab-9df0-6c06914bca6b-1-1536x864.jpg 1536w, https:\/\/www.lamaisonduchanet.ch\/wp-content\/uploads\/2023\/09\/c43dbfdf-4dae-4eab-9df0-6c06914bca6b-1.jpg 2048w\" sizes=\"auto, (max-width: 1024px) 100vw, 1024px\" \/><\/figure>\n","protected":false},"excerpt":{"rendered":"<p>apr\u00e8s le jeu, c&rsquo;est le repos Une belle famille Ce beau mariage nous a donn\u00e9 une belle port\u00e9e 8 chiots soit 5 m\u00e2les et 3 femellesn\u00e9s les 3 ao\u00fbt 2023<\/p>\n","protected":false},"author":1,"featured_media":0,"parent":0,"menu_order":14,"comment_status":"closed","ping_status":"closed","template":"","meta":{"footnotes":""},"class_list":["post-198","page","type-page","status-publish","hentry"],"_links":{"self":[{"href":"https:\/\/www.lamaisonduchanet.ch\/index.php?rest_route=\/wp\/v2\/pages\/198","targetHints":{"allow":["GET"]}}],"collection":[{"href":"https:\/\/www.lamaisonduchanet.ch\/index.php?rest_route=\/wp\/v2\/pages"}],"about":[{"href":"https:\/\/www.lamaisonduchanet.ch\/index.php?rest_route=\/wp\/v2\/types\/page"}],"author":[{"embeddable":true,"href":"https:\/\/www.lamaisonduchanet.ch\/index.php?rest_route=\/wp\/v2\/users\/1"}],"replies":[{"embeddable":true,"href":"https:\/\/www.lamaisonduchanet.ch\/index.php?rest_route=%2Fwp%2Fv2%2Fcomments&post=198"}],"version-history":[{"count":13,"href":"https:\/\/www.lamaisonduchanet.ch\/index.php?rest_route=\/wp\/v2\/pages\/198\/revisions"}],"predecessor-version":[{"id":620,"href":"https:\/\/www.lamaisonduchanet.ch\/index.php?rest_route=\/wp\/v2\/pages\/198\/revisions\/620"}],"wp:attachment":[{"href":"https:\/\/www.lamaisonduchanet.ch\/index.php?rest_route=%2Fwp%2Fv2%2Fmedia&parent=198"}],"curies":[{"name":"wp","href":"https:\/\/api.w.org\/{rel}","templated":true}]}}