{"id":140,"date":"2023-08-18T15:40:12","date_gmt":"2023-08-18T13:40:12","guid":{"rendered":"https:\/\/lamaisb.cluster028.hosting.ovh.net\/?page_id=140"},"modified":"2026-04-10T10:33:53","modified_gmt":"2026-04-10T08:33:53","slug":"nos-chiennes","status":"publish","type":"page","link":"https:\/\/www.lamaisonduchanet.ch\/?page_id=140","title":{"rendered":"Nos chiennes \/                                            Unsere H\u00fcndinnen"},"content":{"rendered":"\n<h2 class=\"wp-block-heading has-text-align-right has-primary-color has-text-color has-x-large-font-size\"><\/h2>\n\n\n\n<figure class=\"wp-block-image size-full\"><img loading=\"lazy\" decoding=\"async\" width=\"640\" height=\"480\" src=\"http:\/\/www.lamaisonduchanet.ch\/wp-content\/uploads\/2023\/09\/les-3.jpg.jpeg\" alt=\"\" class=\"wp-image-190\" srcset=\"https:\/\/www.lamaisonduchanet.ch\/wp-content\/uploads\/2023\/09\/les-3.jpg.jpeg 640w, https:\/\/www.lamaisonduchanet.ch\/wp-content\/uploads\/2023\/09\/les-3.jpg-300x225.jpeg 300w\" sizes=\"auto, (max-width: 640px) 100vw, 640px\" \/><\/figure>\n\n\n\n<p><\/p>\n\n\n\n<p class=\"has-text-align-center\"><em>de gauche \u00e0 droite<\/em><br><strong>Lucky<\/strong> Ksiazece Siolo, n\u00e9e le 17 ao\u00fbt 2021<br><strong>Belleamie<\/strong> La Maison du Chanet, n\u00e9e le 2 juillet 2022<br><strong>Abi<\/strong> d&rsquo;Alf\u00e9e des M\u00e9sanges, n\u00e9e le 10 avril 2018<\/p>\n\n\n\n<p><br><br><\/p>\n\n\n\n<p class=\"has-text-align-center\">                                    <em>Journal de sant\u00e9:<\/em><\/p>\n\n\n\n<div class=\"wp-block-columns is-layout-flex wp-container-core-columns-is-layout-28f84493 wp-block-columns-is-layout-flex\">\n<div class=\"wp-block-column is-layout-flow wp-block-column-is-layout-flow\" style=\"flex-basis:100%\">\n<figure class=\"wp-block-gallery has-nested-images columns-default is-cropped wp-block-gallery-1 is-layout-flex wp-block-gallery-is-layout-flex\">\n<figure class=\"wp-block-image size-full\"><img loading=\"lazy\" decoding=\"async\" width=\"427\" height=\"640\" data-id=\"168\" src=\"http:\/\/www.lamaisonduchanet.ch\/wp-content\/uploads\/2023\/09\/fd4704d1-1e90-4a74-884d-a701c4ddb7e0.jpg\" alt=\"\" class=\"wp-image-168\" srcset=\"https:\/\/www.lamaisonduchanet.ch\/wp-content\/uploads\/2023\/09\/fd4704d1-1e90-4a74-884d-a701c4ddb7e0.jpg 427w, https:\/\/www.lamaisonduchanet.ch\/wp-content\/uploads\/2023\/09\/fd4704d1-1e90-4a74-884d-a701c4ddb7e0-200x300.jpg 200w\" sizes=\"auto, (max-width: 427px) 100vw, 427px\" \/><\/figure>\n\n\n\n<figure class=\"wp-block-image aligncenter size-full\"><img loading=\"lazy\" decoding=\"async\" width=\"427\" height=\"640\" data-id=\"171\" src=\"http:\/\/www.lamaisonduchanet.ch\/wp-content\/uploads\/2023\/09\/102a770c-dc79-41df-9c83-ae2bdb955f67.jpg\" alt=\"\" class=\"wp-image-171\" srcset=\"https:\/\/www.lamaisonduchanet.ch\/wp-content\/uploads\/2023\/09\/102a770c-dc79-41df-9c83-ae2bdb955f67.jpg 427w, https:\/\/www.lamaisonduchanet.ch\/wp-content\/uploads\/2023\/09\/102a770c-dc79-41df-9c83-ae2bdb955f67-200x300.jpg 200w\" sizes=\"auto, (max-width: 427px) 100vw, 427px\" \/><\/figure>\n<\/figure>\n<\/div>\n\n\n\n<div class=\"wp-block-column is-layout-flow wp-block-column-is-layout-flow\" style=\"flex-basis:100%\">\n<p><strong>Abi d\u2019Alf\u00e9e des M\u00e9sanges<\/strong>, est ma chienne d\u2019\u00e9levage, d\u2019une bonne lign\u00e9e avec un caract\u00e8re calme, 52 cm, test\u00e9e HB B\/B&nbsp;: ED 0\/0&nbsp;: Prcd-PRA&nbsp;; vWD1&nbsp;;D-Lokus&nbsp;; sont neutre&nbsp;: DNA disponible&nbsp;: la dentition est conforme.<br><br><br><\/p>\n<\/div>\n<\/div>\n\n\n\n<p><br><\/p>\n\n\n\n<p><em>Journal de sant\u00e9:<\/em><br><strong>Lucky Ksiazece Siolo<\/strong>, n\u00e9e le 16.08.2021 en Pologne, je l&rsquo;ai acquise pour renouveler le sang dans l&rsquo;\u00e9levage, beaucoup de caract\u00e8re, 50 cm, test\u00e9e HB B\/B&nbsp;: ED 0\/0&nbsp;: Prcd-PRA&nbsp;; vWD1&nbsp;;D-Lokus&nbsp;; sont neutre : DNA disponible&nbsp;: la dentition est conforme.<\/p>\n\n\n\n<figure class=\"wp-block-gallery has-nested-images columns-default is-cropped wp-block-gallery-2 is-layout-flex wp-block-gallery-is-layout-flex\">\n<figure class=\"wp-block-image size-full\"><img loading=\"lazy\" decoding=\"async\" width=\"1024\" height=\"682\" data-id=\"162\" src=\"http:\/\/www.lamaisonduchanet.ch\/wp-content\/uploads\/2023\/09\/Lucky-dans-leau2.jpg\" alt=\"\" class=\"wp-image-162\" srcset=\"https:\/\/www.lamaisonduchanet.ch\/wp-content\/uploads\/2023\/09\/Lucky-dans-leau2.jpg 1024w, https:\/\/www.lamaisonduchanet.ch\/wp-content\/uploads\/2023\/09\/Lucky-dans-leau2-300x200.jpg 300w, https:\/\/www.lamaisonduchanet.ch\/wp-content\/uploads\/2023\/09\/Lucky-dans-leau2-768x512.jpg 768w\" sizes=\"auto, (max-width: 1024px) 100vw, 1024px\" \/><\/figure>\n\n\n\n<figure class=\"wp-block-image size-large\"><img loading=\"lazy\" decoding=\"async\" width=\"683\" height=\"1024\" data-id=\"173\" src=\"http:\/\/www.lamaisonduchanet.ch\/wp-content\/uploads\/2023\/09\/C-Lucky-Ursula-2-683x1024.jpg\" alt=\"\" class=\"wp-image-173\" srcset=\"https:\/\/www.lamaisonduchanet.ch\/wp-content\/uploads\/2023\/09\/C-Lucky-Ursula-2-683x1024.jpg 683w, https:\/\/www.lamaisonduchanet.ch\/wp-content\/uploads\/2023\/09\/C-Lucky-Ursula-2-200x300.jpg 200w, https:\/\/www.lamaisonduchanet.ch\/wp-content\/uploads\/2023\/09\/C-Lucky-Ursula-2-768x1152.jpg 768w, https:\/\/www.lamaisonduchanet.ch\/wp-content\/uploads\/2023\/09\/C-Lucky-Ursula-2-1024x1536.jpg 1024w, https:\/\/www.lamaisonduchanet.ch\/wp-content\/uploads\/2023\/09\/C-Lucky-Ursula-2-1365x2048.jpg 1365w, https:\/\/www.lamaisonduchanet.ch\/wp-content\/uploads\/2023\/09\/C-Lucky-Ursula-2-scaled.jpg 1707w\" sizes=\"auto, (max-width: 683px) 100vw, 683px\" \/><\/figure>\n\n\n\n<figure class=\"wp-block-image size-large\"><img loading=\"lazy\" decoding=\"async\" width=\"664\" height=\"1024\" data-id=\"172\" src=\"http:\/\/www.lamaisonduchanet.ch\/wp-content\/uploads\/2023\/09\/C-Lucky-Ursula-7-664x1024.jpg\" alt=\"\" class=\"wp-image-172\" srcset=\"https:\/\/www.lamaisonduchanet.ch\/wp-content\/uploads\/2023\/09\/C-Lucky-Ursula-7-664x1024.jpg 664w, https:\/\/www.lamaisonduchanet.ch\/wp-content\/uploads\/2023\/09\/C-Lucky-Ursula-7-195x300.jpg 195w, https:\/\/www.lamaisonduchanet.ch\/wp-content\/uploads\/2023\/09\/C-Lucky-Ursula-7-768x1184.jpg 768w, https:\/\/www.lamaisonduchanet.ch\/wp-content\/uploads\/2023\/09\/C-Lucky-Ursula-7-996x1536.jpg 996w, https:\/\/www.lamaisonduchanet.ch\/wp-content\/uploads\/2023\/09\/C-Lucky-Ursula-7-1328x2048.jpg 1328w, https:\/\/www.lamaisonduchanet.ch\/wp-content\/uploads\/2023\/09\/C-Lucky-Ursula-7-scaled.jpg 1660w\" sizes=\"auto, (max-width: 664px) 100vw, 664px\" \/><\/figure>\n<\/figure>\n\n\n\n<p><\/p>\n\n\n\n<figure class=\"wp-block-image size-large\"><img loading=\"lazy\" decoding=\"async\" width=\"1024\" height=\"754\" src=\"https:\/\/www.lamaisonduchanet.ch\/wp-content\/uploads\/2024\/07\/Lucky-carte-1024x754.jpg\" alt=\"\" class=\"wp-image-518\" srcset=\"https:\/\/www.lamaisonduchanet.ch\/wp-content\/uploads\/2024\/07\/Lucky-carte-1024x754.jpg 1024w, https:\/\/www.lamaisonduchanet.ch\/wp-content\/uploads\/2024\/07\/Lucky-carte-300x221.jpg 300w, https:\/\/www.lamaisonduchanet.ch\/wp-content\/uploads\/2024\/07\/Lucky-carte-768x565.jpg 768w, https:\/\/www.lamaisonduchanet.ch\/wp-content\/uploads\/2024\/07\/Lucky-carte-1536x1131.jpg 1536w, https:\/\/www.lamaisonduchanet.ch\/wp-content\/uploads\/2024\/07\/Lucky-carte.jpg 1748w\" sizes=\"auto, (max-width: 1024px) 100vw, 1024px\" \/><\/figure>\n\n\n\n<p><br><br><em>Journal de sant\u00e9:<\/em><br><strong>Belleamie la Maison du Chanet<\/strong>, n\u00e9e chez nous le 02.07.22, fille d&rsquo;Abi, elle est tr\u00e8s attachante, 56 cm, test\u00e9e HB B\/B&nbsp;: ED 0\/0: Type LST 0&nbsp;: Prcd-PRA&nbsp;; vWD1&nbsp;;D-Lokus&nbsp;; sont neutre : DNA disponible<\/p>\n\n\n\n<figure class=\"wp-block-gallery has-nested-images columns-default is-cropped wp-block-gallery-3 is-layout-flex wp-block-gallery-is-layout-flex\">\n<figure class=\"wp-block-image size-large\"><img loading=\"lazy\" decoding=\"async\" width=\"768\" height=\"1024\" data-id=\"164\" src=\"http:\/\/www.lamaisonduchanet.ch\/wp-content\/uploads\/2023\/09\/IMG_4876-768x1024.jpeg\" alt=\"\" class=\"wp-image-164\" srcset=\"https:\/\/www.lamaisonduchanet.ch\/wp-content\/uploads\/2023\/09\/IMG_4876-768x1024.jpeg 768w, https:\/\/www.lamaisonduchanet.ch\/wp-content\/uploads\/2023\/09\/IMG_4876-225x300.jpeg 225w, https:\/\/www.lamaisonduchanet.ch\/wp-content\/uploads\/2023\/09\/IMG_4876-1152x1536.jpeg 1152w, https:\/\/www.lamaisonduchanet.ch\/wp-content\/uploads\/2023\/09\/IMG_4876-1536x2048.jpeg 1536w, https:\/\/www.lamaisonduchanet.ch\/wp-content\/uploads\/2023\/09\/IMG_4876-scaled.jpeg 1920w\" sizes=\"auto, (max-width: 768px) 100vw, 768px\" \/><\/figure>\n\n\n\n<figure class=\"wp-block-image size-full\"><img loading=\"lazy\" decoding=\"async\" width=\"939\" height=\"789\" data-id=\"185\" src=\"http:\/\/www.lamaisonduchanet.ch\/wp-content\/uploads\/2023\/09\/IMG_5766.jpg\" alt=\"\" class=\"wp-image-185\" srcset=\"https:\/\/www.lamaisonduchanet.ch\/wp-content\/uploads\/2023\/09\/IMG_5766.jpg 939w, https:\/\/www.lamaisonduchanet.ch\/wp-content\/uploads\/2023\/09\/IMG_5766-300x252.jpg 300w, https:\/\/www.lamaisonduchanet.ch\/wp-content\/uploads\/2023\/09\/IMG_5766-768x645.jpg 768w\" sizes=\"auto, (max-width: 939px) 100vw, 939px\" \/><\/figure>\n\n\n\n<figure class=\"wp-block-image size-full\"><img loading=\"lazy\" decoding=\"async\" width=\"960\" height=\"729\" data-id=\"184\" src=\"http:\/\/www.lamaisonduchanet.ch\/wp-content\/uploads\/2023\/09\/IMG_5759.jpg\" alt=\"\" class=\"wp-image-184\" srcset=\"https:\/\/www.lamaisonduchanet.ch\/wp-content\/uploads\/2023\/09\/IMG_5759.jpg 960w, https:\/\/www.lamaisonduchanet.ch\/wp-content\/uploads\/2023\/09\/IMG_5759-300x228.jpg 300w, https:\/\/www.lamaisonduchanet.ch\/wp-content\/uploads\/2023\/09\/IMG_5759-768x583.jpg 768w\" sizes=\"auto, (max-width: 960px) 100vw, 960px\" \/><\/figure>\n<\/figure>\n\n\n\n<p>Elle est accept\u00e9 pour l&rsquo;\u00e9levage en date du 16 mai 2024<\/p>\n\n\n\n<figure class=\"wp-block-gallery has-nested-images columns-default is-cropped wp-block-gallery-4 is-layout-flex wp-block-gallery-is-layout-flex\">\n<figure class=\"wp-block-image size-large is-style-default\"><img loading=\"lazy\" decoding=\"async\" width=\"1024\" height=\"754\" data-id=\"520\" src=\"https:\/\/www.lamaisonduchanet.ch\/wp-content\/uploads\/2024\/07\/Belleamie-carte-1024x754.png\" alt=\"\" class=\"wp-image-520\" srcset=\"https:\/\/www.lamaisonduchanet.ch\/wp-content\/uploads\/2024\/07\/Belleamie-carte-1024x754.png 1024w, https:\/\/www.lamaisonduchanet.ch\/wp-content\/uploads\/2024\/07\/Belleamie-carte-300x221.png 300w, https:\/\/www.lamaisonduchanet.ch\/wp-content\/uploads\/2024\/07\/Belleamie-carte-768x565.png 768w, https:\/\/www.lamaisonduchanet.ch\/wp-content\/uploads\/2024\/07\/Belleamie-carte-1536x1131.png 1536w, https:\/\/www.lamaisonduchanet.ch\/wp-content\/uploads\/2024\/07\/Belleamie-carte.png 1748w\" sizes=\"auto, (max-width: 1024px) 100vw, 1024px\" \/><\/figure>\n<\/figure>\n\n\n\n<p><\/p>\n\n\n\n<p><\/p>\n\n\n\n<p><\/p>\n\n\n\n<p><\/p>\n\n\n\n<p><em>Journal de sant\u00e9:<\/em><br><strong>Dis-moi, la Maison du Chanet<\/strong>, n\u00e9e chez nous le 18.07.2025, fille de Lucky Ksiazece Siolo et Jannot de la Colline des Violette, tr\u00e8s attach\u00e9e \u00e0 Lili notre St-Bernard je n&rsquo;ai pas pu m&rsquo;en s\u00e9par\u00e9. .. cm, test\u00e9e HB ..&nbsp;: ED ..: Type LST ..&nbsp;: <br>Prcd-PRA&nbsp;; vWD1&nbsp;; D-Lokus&nbsp;; sont neutre : DNA disponible<\/p>\n\n\n\n<p><\/p>\n\n\n\n<figure class=\"wp-block-image size-large\"><img loading=\"lazy\" decoding=\"async\" width=\"1024\" height=\"814\" src=\"http:\/\/www.lamaisonduchanet.ch\/wp-content\/uploads\/2024\/09\/Dis-Moi-D-1024x814.jpg\" alt=\"\" class=\"wp-image-571\" srcset=\"https:\/\/www.lamaisonduchanet.ch\/wp-content\/uploads\/2024\/09\/Dis-Moi-D-1024x814.jpg 1024w, https:\/\/www.lamaisonduchanet.ch\/wp-content\/uploads\/2024\/09\/Dis-Moi-D-300x238.jpg 300w, https:\/\/www.lamaisonduchanet.ch\/wp-content\/uploads\/2024\/09\/Dis-Moi-D-768x610.jpg 768w, https:\/\/www.lamaisonduchanet.ch\/wp-content\/uploads\/2024\/09\/Dis-Moi-D-1536x1221.jpg 1536w, https:\/\/www.lamaisonduchanet.ch\/wp-content\/uploads\/2024\/09\/Dis-Moi-D.jpg 1887w\" sizes=\"auto, (max-width: 1024px) 100vw, 1024px\" \/><\/figure>\n\n\n\n<figure class=\"wp-block-image size-full\"><img loading=\"lazy\" decoding=\"async\" width=\"640\" height=\"352\" src=\"http:\/\/www.lamaisonduchanet.ch\/wp-content\/uploads\/2025\/03\/c3930a76-2a1e-4d3b-8eab-e27fc0fabafb.jpeg\" alt=\"\" class=\"wp-image-597\" srcset=\"https:\/\/www.lamaisonduchanet.ch\/wp-content\/uploads\/2025\/03\/c3930a76-2a1e-4d3b-8eab-e27fc0fabafb.jpeg 640w, https:\/\/www.lamaisonduchanet.ch\/wp-content\/uploads\/2025\/03\/c3930a76-2a1e-4d3b-8eab-e27fc0fabafb-300x165.jpeg 300w\" sizes=\"auto, (max-width: 640px) 100vw, 640px\" \/><\/figure>\n\n\n\n<p><br><em>de gauche \u00e0 droite,<\/em> <br>Grand-maman <strong>Ginga<\/strong>  &#8211; Papa <strong>Jannot<\/strong> de la Colline des Violettes &#8211; <strong>Dis-moi<\/strong> la Maison du Chanet &#8211; <strong>Dark<\/strong> la Maison du Chanet &#8211; Maman <strong>Lucky<\/strong> Ksiazece Siolo<\/p>\n\n\n\n<p><\/p>\n","protected":false},"excerpt":{"rendered":"<p>de gauche \u00e0 droiteLucky Ksiazece Siolo, n\u00e9e le 17 ao\u00fbt 2021Belleamie La Maison du Chanet, n\u00e9e le 2 juillet 2022Abi d&rsquo;Alf\u00e9e des M\u00e9sanges, n\u00e9e le 10 avril 2018 Journal de sant\u00e9: Abi d\u2019Alf\u00e9e des M\u00e9sanges, est ma chienne d\u2019\u00e9levage, d\u2019une bonne lign\u00e9e avec un caract\u00e8re calme, 52 cm, test\u00e9e HB B\/B&nbsp;: ED 0\/0&nbsp;: Prcd-PRA&nbsp;; vWD1&nbsp;;D-Lokus&nbsp;; [&hellip;]<\/p>\n","protected":false},"author":2,"featured_media":0,"parent":0,"menu_order":1,"comment_status":"closed","ping_status":"closed","template":"","meta":{"footnotes":""},"class_list":["post-140","page","type-page","status-publish","hentry"],"_links":{"self":[{"href":"https:\/\/www.lamaisonduchanet.ch\/index.php?rest_route=\/wp\/v2\/pages\/140","targetHints":{"allow":["GET"]}}],"collection":[{"href":"https:\/\/www.lamaisonduchanet.ch\/index.php?rest_route=\/wp\/v2\/pages"}],"about":[{"href":"https:\/\/www.lamaisonduchanet.ch\/index.php?rest_route=\/wp\/v2\/types\/page"}],"author":[{"embeddable":true,"href":"https:\/\/www.lamaisonduchanet.ch\/index.php?rest_route=\/wp\/v2\/users\/2"}],"replies":[{"embeddable":true,"href":"https:\/\/www.lamaisonduchanet.ch\/index.php?rest_route=%2Fwp%2Fv2%2Fcomments&post=140"}],"version-history":[{"count":24,"href":"https:\/\/www.lamaisonduchanet.ch\/index.php?rest_route=\/wp\/v2\/pages\/140\/revisions"}],"predecessor-version":[{"id":712,"href":"https:\/\/www.lamaisonduchanet.ch\/index.php?rest_route=\/wp\/v2\/pages\/140\/revisions\/712"}],"wp:attachment":[{"href":"https:\/\/www.lamaisonduchanet.ch\/index.php?rest_route=%2Fwp%2Fv2%2Fmedia&parent=140"}],"curies":[{"name":"wp","href":"https:\/\/api.w.org\/{rel}","templated":true}]}}